{"id":1050,"date":"2015-03-07T07:18:29","date_gmt":"2015-03-07T06:18:29","guid":{"rendered":"http:\/\/www.hillclimb.de\/?page_id=1050"},"modified":"2015-03-07T07:18:29","modified_gmt":"2015-03-07T06:18:29","slug":"rennkalender-2014","status":"publish","type":"page","link":"https:\/\/www.hillclimb.de\/?page_id=1050","title":{"rendered":"Rennkalender 2014"},"content":{"rendered":"<div class=\"inside\">\n<div id=\"rennkalender\" class=\"mod_article block\">\n<div class=\"ce_text block\">\n<h2><strong><span style=\"font-size: 16px;\">Rennkalender 2014<\/span><\/strong><\/h2>\n<p style=\"text-align: justify;\"><strong>Die Saison begann sp\u00e4t, aber recht gut. Nach einem eher durchwachsenen Winter mit vielen Reisen, einigen, ungewohnter Weise, Erk\u00e4ltungen und daher etwas weniger qualitativen Trainings. Der mentale Jahresh\u00f6hepunkt lag wohl in Schweden beim O-Ringen. Beim dortigen Weltcup konnte ich immerhin Rang 11 einfahren. Danach gab es ein Leistungsloch auch weil ich nach dem O-Ringen nicht nochmal zur Ruhe kam. Das Loch hielt leider bis zur WM an, ehe die Form im Herbst nochmals nach oben zeigte. Die Saison verlief also vielleicht etwas anders als geplant aber war wieder sehr spa\u00dfig mit neuen Erlebnissen und Erfahrungen.<br \/>\n<\/strong><\/p>\n<table style=\"width: 100%;\">\n<tbody>\n<tr>\n<td><strong>Datum<\/strong><\/td>\n<td><strong>Rennen<\/strong><\/td>\n<td><strong>Austragungsort<\/strong><\/td>\n<td><strong>Ergebnis<\/strong><\/td>\n<\/tr>\n<tr>\n<td><\/td>\n<td><\/td>\n<td><\/td>\n<td><\/td>\n<\/tr>\n<tr>\n<td>18. Oktober<\/td>\n<td>Harz-MTBO<\/td>\n<td>Harz<\/td>\n<td>1. Mixed (4. Gesamt) mit Felix<\/td>\n<\/tr>\n<tr>\n<td>03.\/05. Oktober<\/td>\n<td>Deutschland-Cup (Sprint-O \/ OL-Staffel)<\/td>\n<td>Coswig<\/td>\n<td>5.(D19) \/ 9.(offen)<\/td>\n<\/tr>\n<tr>\n<td>27.\/28. September<\/td>\n<td>BRL MTBO<\/td>\n<td>Werdau<\/td>\n<td>1.\/1. Platz<\/td>\n<\/tr>\n<tr>\n<td>13.\/14. September<\/td>\n<td>BRL MTBO \/ DK Cup<\/td>\n<td>G\u00fcstrow<\/td>\n<td>4.\/2. (Dt. 1.\/1.)<\/td>\n<\/tr>\n<tr>\n<td>23.-29. August<\/td>\n<td>MTBO-WM (3. WC-Runde)<\/td>\n<td>Polen<\/td>\n<td>36.\/45.\/37.\/15. (S\/M\/L\/Staffel)<\/td>\n<\/tr>\n<tr>\n<td>08.\/09. August<\/td>\n<td>MTBO-Cup DK<\/td>\n<td>Kolding<\/td>\n<td>7.\/5. Platz<\/td>\n<\/tr>\n<tr>\n<td>21.-27. Juli<\/td>\n<td>O-Ringen<\/td>\n<td>Schweden<\/td>\n<td>9.\/11.\/5. &#8211; 7. Gesamt<\/td>\n<\/tr>\n<tr>\n<td>17.-20. Juli<\/td>\n<td>MTBO-WC (2. Runde)<\/td>\n<td>Schweden<\/td>\n<td>25.\/11.\/41.<\/td>\n<\/tr>\n<tr>\n<td>4.-6. Juli<\/td>\n<td>MTBO-Cup CZ (WRE)<\/td>\n<td>CZ<\/td>\n<td>1.\/14.\/1.\/7. (Gesamt 4.)<\/td>\n<\/tr>\n<tr>\n<td>28.\/29. Juni<\/td>\n<td>MTBO Austria-Cup (WRE)<\/td>\n<td>\u00d6sterreich<\/td>\n<td>13. \/ 6. Platz<\/td>\n<\/tr>\n<tr>\n<td>13.-15. Juni<\/td>\n<td>MTBO-Cup DK<\/td>\n<td>Silkeborg<\/td>\n<td>6.\/2.\/3. Platz<\/td>\n<\/tr>\n<tr>\n<td>31. Mai<\/td>\n<td>Bungsberg-OL (DHM)<\/td>\n<td>Schleswig-Holstein<\/td>\n<td>2. Platz (D19-)<\/td>\n<\/tr>\n<tr>\n<td>24. Mai<\/td>\n<td>6h-MTB Fyn<\/td>\n<td>D\u00e4nemark<\/td>\n<td>1. Platz<\/td>\n<\/tr>\n<tr>\n<td>18.-20. Mai<\/td>\n<td>WC-MTBO (1. Runde)<\/td>\n<td>D\u00e4nemark<\/td>\n<td>31.\/21.\/13. Platz<\/td>\n<\/tr>\n<tr>\n<td>10.\/11. Mai<\/td>\n<td>MTBO Cup CZ<\/td>\n<td>Karlovy Vary<\/td>\n<td>8.\/8. Platz<\/td>\n<\/tr>\n<tr>\n<td>17. M\u00e4rz<\/td>\n<td>D\u00fcbener Heide-MTBO<\/td>\n<td>Bad Schmiedeberg<\/td>\n<td>1. Platz (1. aller mit Mark)<\/td>\n<\/tr>\n<tr>\n<td>2.\/3. M\u00e4rz<\/td>\n<td>Ski-O BRL<\/td>\n<td>Kals, AUT<\/td>\n<td>6.\/7. Platz<\/td>\n<\/tr>\n<tr>\n<td><\/td>\n<td><\/td>\n<td><\/td>\n<td><\/td>\n<\/tr>\n<\/tbody>\n<\/table>\n<div align=\"left\">BRL&#8230;Bundesrangliste bzw. ein Lauf &#8211; gemeint im MTBO (MTBO&#8230;Mountain Bike Orientierung)<br \/>\nWRE&#8230;World Ranking Event im MTBO<br \/>\nDM&#8230;Deutsche Meisterschaft<br \/>\nMDC&#8230;Mitteldeutschland-Cup &#8211; eine Serie im CrossCountry<br \/>\nOL&#8230;Orientierungslauf<br \/>\nBL&#8230;Bundesliga im MTB<br \/>\nDHM&#8230;Deutsche Hochschulmeisterschaft<br \/>\nSHM&#8230;S\u00e4chsische Hochschulmeisterschaft<br \/>\nLVM&#8230;Landesverbandsmeisterschaften<br \/>\nRR&#8230;Rennrad<\/div>\n<\/div>\n<\/div>\n<\/div>\n<p>&nbsp;<\/p>\n","protected":false},"excerpt":{"rendered":"<p>Rennkalender 2014 Die Saison begann sp\u00e4t, aber recht gut. Nach einem eher durchwachsenen Winter mit vielen Reisen, einigen, ungewohnter Weise, Erk\u00e4ltungen und daher etwas weniger qualitativen Trainings. Der mentale Jahresh\u00f6hepunkt lag wohl in Schweden beim O-Ringen. Beim dortigen Weltcup konnte&#8230; <a class=\"more-link\" href=\"https:\/\/www.hillclimb.de\/?page_id=1050\">Weiterlesen &rarr;<\/a><\/p>\n","protected":false},"author":1,"featured_media":0,"parent":23,"menu_order":0,"comment_status":"closed","ping_status":"closed","template":"","meta":{"footnotes":""},"_links":{"self":[{"href":"https:\/\/www.hillclimb.de\/index.php?rest_route=\/wp\/v2\/pages\/1050"}],"collection":[{"href":"https:\/\/www.hillclimb.de\/index.php?rest_route=\/wp\/v2\/pages"}],"about":[{"href":"https:\/\/www.hillclimb.de\/index.php?rest_route=\/wp\/v2\/types\/page"}],"author":[{"embeddable":true,"href":"https:\/\/www.hillclimb.de\/index.php?rest_route=\/wp\/v2\/users\/1"}],"replies":[{"embeddable":true,"href":"https:\/\/www.hillclimb.de\/index.php?rest_route=%2Fwp%2Fv2%2Fcomments&post=1050"}],"version-history":[{"count":0,"href":"https:\/\/www.hillclimb.de\/index.php?rest_route=\/wp\/v2\/pages\/1050\/revisions"}],"up":[{"embeddable":true,"href":"https:\/\/www.hillclimb.de\/index.php?rest_route=\/wp\/v2\/pages\/23"}],"wp:attachment":[{"href":"https:\/\/www.hillclimb.de\/index.php?rest_route=%2Fwp%2Fv2%2Fmedia&parent=1050"}],"curies":[{"name":"wp","href":"https:\/\/api.w.org\/{rel}","templated":true}]}}