{"id":1210,"date":"2015-11-25T05:33:10","date_gmt":"2015-11-25T04:33:10","guid":{"rendered":"http:\/\/www.hillclimb.de\/?page_id=1210"},"modified":"2015-11-25T05:33:10","modified_gmt":"2015-11-25T04:33:10","slug":"rennkalender-2004","status":"publish","type":"page","link":"https:\/\/www.hillclimb.de\/?page_id=1210","title":{"rendered":"Rennkalender 2004"},"content":{"rendered":"<h2>Das Jahr 2004<\/h2>\n<p align=\"justify\"><b>Der absolute sportliche H\u00f6hepunkt in dieser Saison war f\u00fcr mich die MTBO-WM in Australien. Daf\u00fcr habe ich einige Reisen auf mich genommen und wieder zahlreiche Rennen bestritten. Mit dem Gewinn des Long-Distance Rennens habe ich mir einen kleinen Traum erf\u00fcllt &#8211; ich bin Weltmeisterin. Die Saison 2004 bestritt ich auf einem GT Zaskar Pro von GT Deutschland gestellt. Den technischen Support lieferte Radsport Tietz in Dresden-Pillnitz. Aber neben diesem sportlichen H\u00f6hepunkt habe ich auch kurz vor der Abreise mein Studium abgeschlossen und werde im November in Kiel mit der Arbeit als Geophysikerin beginnen. Neben all der Unterst\u00fctzung, die ich von Freunden und Trainer bekommen habe war das eine wichtige Grundlage f\u00fcr den Erfolg &#8211; das Umfeld war einfach ideal, danke daf\u00fcr!<\/b><\/p>\n<p>&nbsp;<\/p>\n<table width=\"100%\">\n<tbody>\n<tr>\n<td><b>Datum<\/b><\/td>\n<td><b>Rennen<\/b><\/td>\n<td><b>Austragungsort<\/b><\/td>\n<td><b>Ergebnis<\/b><\/td>\n<\/tr>\n<tr>\n<td><\/td>\n<td><\/td>\n<td><\/td>\n<td><\/td>\n<\/tr>\n<tr>\n<td>31. Dezember<\/td>\n<td>MTB-Sylvesterpreis<\/td>\n<td>Lichtenstein<\/td>\n<td>2. Platz<\/td>\n<\/tr>\n<tr>\n<td>23. Oktober<\/td>\n<td>MTBO-Staffel Weltmeisterschaft<\/td>\n<td>Ballarat (AUS)<\/td>\n<td>12. Platz (M\u00e4nner)<\/td>\n<\/tr>\n<tr>\n<td>22. Oktober<\/td>\n<td>MTBO-Middle Weltmeisterschaft<\/td>\n<td>Ballarat (AUS)<\/td>\n<td>18. Platz<\/td>\n<\/tr>\n<tr>\n<td>20. Oktober<\/td>\n<td>MTBO-Long Weltmeisterschaft<\/td>\n<td>Ballarat (AUS)<\/td>\n<td>1. Platz &#8211; Weltmeisterin<\/td>\n<\/tr>\n<tr>\n<td>16. Oktober<\/td>\n<td>Qualifikation zur Long-Distance<\/td>\n<td>Ballarat (AUS)<\/td>\n<td>4. Platz<\/td>\n<\/tr>\n<tr>\n<td>18.-23. Oktober<\/td>\n<td>Victorianische MTBO-Meisterschaften<\/td>\n<td>Ballarat (AUS)<\/td>\n<td>28. Platz<\/td>\n<\/tr>\n<tr>\n<td>02. Oktober<\/td>\n<td>Bergpreis zur Lausche<\/td>\n<td>Waltersdorf<\/td>\n<td>1. mit Harry<\/td>\n<\/tr>\n<tr>\n<td><\/td>\n<td>Spitzhaustreppenlauf<\/td>\n<td>Radebeul<\/td>\n<td>5. Platz &#8211; 3:15,4 min<\/td>\n<\/tr>\n<tr>\n<td>26. September<\/td>\n<td>4. Gaso-Sattelfest<\/td>\n<td>Altenberg<\/td>\n<td><\/td>\n<\/tr>\n<tr>\n<td>04. September<\/td>\n<td>Lossa-Cup<\/td>\n<td>Reinsdorf<\/td>\n<td><\/td>\n<\/tr>\n<tr>\n<td valign=\"top\">28.\/29. August<\/td>\n<td valign=\"top\">3. WRE-MTBO (Sprint\/Klassik)<\/td>\n<td valign=\"top\">Nov\u00fd Bor (CZ)<\/td>\n<td>16. \/ 1. Platz &#8211; Tschechische Meisterin<br \/>\nim MTBO-Klassik<\/td>\n<\/tr>\n<tr>\n<td>22. August<\/td>\n<td>5. Lauf MDC-CC<\/td>\n<td>Mertendorf<\/td>\n<td>1. Platz<\/td>\n<\/tr>\n<tr>\n<td>15. August<\/td>\n<td>3. BL-Lauf<\/td>\n<td>St. M\u00e4rgen<\/td>\n<td>12. Platz<\/td>\n<\/tr>\n<tr>\n<td>08. August<\/td>\n<td>Erzgebirgs-Bike-Marathon<\/td>\n<td>Seiffen<\/td>\n<td>2. Platz (100 km in 5:18:51 h &#8211; 2600 hm)<\/td>\n<\/tr>\n<tr>\n<td>07. August<\/td>\n<td>Erzgebirgs-Bike-Marathon<\/td>\n<td>Seiffen<\/td>\n<td>2. Platz (Hillclimb &#8211; ca. 70 hm auf 500 m)<\/td>\n<\/tr>\n<tr>\n<td>31.\/01. August<\/td>\n<td><a href=\"sport.php?section=pba04\">Bike Adventure<\/a> &#8211; 2er-Team-MTBO \u00fcber 10 h<\/td>\n<td>Cvikov \/ Novy Bor (CZ)<\/td>\n<td>5. mit Christin<\/td>\n<\/tr>\n<tr>\n<td>11. Juli<\/td>\n<td>4 h 2er Team-Marathon<\/td>\n<td>Holzhau<\/td>\n<td>1. mit Simone<\/td>\n<\/tr>\n<tr>\n<td>26.\/27. Juni<\/td>\n<td>Deutsche Hochschulmeisterschaften<\/td>\n<td>Stollberg<\/td>\n<td>1. Platz<\/td>\n<\/tr>\n<tr>\n<td><\/td>\n<td>Hillclimb \/ CC-Rennen<\/td>\n<td><\/td>\n<td>1. \/ 1. Platz<\/td>\n<\/tr>\n<tr>\n<td>20. Juni<\/td>\n<td>MA\/LVM<\/td>\n<td>Sosa<\/td>\n<td>2. Platz<\/td>\n<\/tr>\n<tr>\n<td>13. Juni<\/td>\n<td>MA<\/td>\n<td>Bike-Festival Willingen<\/td>\n<td>5. Platz (99.64 km \/ 2574 hm in 5:23:46 h)<\/td>\n<\/tr>\n<tr>\n<td colspan=\"4\"><center><img decoding=\"async\" src=\"..\/bilder\/rad\/seiffen.jpg\" alt=\"\" \/><\/center><\/td>\n<\/tr>\n<tr>\n<td>12. Juni<\/td>\n<td>1\/4-Meilen Sprint<\/td>\n<td><a href=\"http:\/\/adfc-paderborn.de\/\" target=\"_blank\" rel=\"noopener noreferrer\">Liegeradtage in Paderborn<\/a><\/td>\n<td>5. Platz<\/td>\n<\/tr>\n<tr>\n<td>06. Juni<\/td>\n<td>MDC-CC\/LVM<\/td>\n<td>Neukirch<\/td>\n<td>4. Platz<\/td>\n<\/tr>\n<tr>\n<td>05. Juni<\/td>\n<td><a href=\"sport.php?section=bikebiathlon\">Bike Biathlon<\/a><\/td>\n<td>Altenberg<\/td>\n<td>2. Platz<\/td>\n<\/tr>\n<tr>\n<td>22.\/23. Mai<\/td>\n<td>WRE &#8211; MTBO<\/td>\n<td>Sopron<\/td>\n<td>8.\/4. Platz<\/td>\n<\/tr>\n<tr>\n<td>16. Mai<\/td>\n<td>5. BRL<\/td>\n<td>Wehrsdorf<\/td>\n<td>M\u00e4nner gestartet &#8211; Posten vergessen<\/td>\n<\/tr>\n<tr>\n<td>15. Mai<\/td>\n<td>4.\/5. BRL<\/td>\n<td>Wehrsdorf<\/td>\n<td>1. Platz (Rangliste gewonnen)<\/td>\n<\/tr>\n<tr>\n<td>08.\/09. Mai<\/td>\n<td>MTBO in CZ<\/td>\n<td>Hradec Kr\u00e1lov\u00e9<\/td>\n<td>3.\/2. Platz<\/td>\n<\/tr>\n<tr>\n<td>05. Mai<\/td>\n<td>Duathlon Hochschulpokal<\/td>\n<td>Dresden<\/td>\n<td>1. Platz<\/td>\n<\/tr>\n<tr>\n<td>02. Mai<\/td>\n<td>2. BL-Lauf<\/td>\n<td>Heubach<\/td>\n<td>17. Platz<\/td>\n<\/tr>\n<tr>\n<td>24.\/25. April<\/td>\n<td>2.\/3. BRL MBO<\/td>\n<td>Bad Bodenteich<\/td>\n<td>2.\/2. Platz<\/td>\n<\/tr>\n<tr>\n<td>18. April<\/td>\n<td>1. BL-Lauf<\/td>\n<td>M\u00fcnsingen<\/td>\n<td>17. Platz<\/td>\n<\/tr>\n<tr>\n<td>04. April<\/td>\n<td>1. BRL MBO<\/td>\n<td>Hormersdorf<\/td>\n<td>1. Platz<\/td>\n<\/tr>\n<tr>\n<td>21. M\u00e4rz<\/td>\n<td>1. MDC-CC<\/td>\n<td><a href=\"http:\/\/www.white-rock.de\/\" target=\"_blank\" rel=\"noopener noreferrer\">6. MTB-Trophy Goseck<\/a><\/td>\n<td>2. Platz<\/td>\n<\/tr>\n<tr>\n<td>13. M\u00e4rz<\/td>\n<td>Bergwerkrennen<\/td>\n<td>Sondershausen<\/td>\n<td>1. Platz (6. Gesamt)<\/td>\n<\/tr>\n<tr>\n<td>28.\/29. Februar<\/td>\n<td>Ski-OL<\/td>\n<td>Gro\u00dfer Arber<\/td>\n<td>9. (D-Elite) \/ 3. (Rahmenlauf)<\/td>\n<\/tr>\n<\/tbody>\n<\/table>\n<p>BRL&#8230;Bundesranglistenlauf &#8211; gemeint im MTBO (MTBO&#8230;Mountain Bike Orientierung)<\/p>\n<p>WRE&#8230;World Ranking Event im MTBO<\/p>\n<p>DBE&#8230;Deutsche Besten Ermittlung<\/p>\n<p>MDC&#8230;Mitteldeutschland-Cup &#8211; eine Serie im CrossCountry<\/p>\n<p>OL&#8230;Orientierungslauf<\/p>\n<p>BL&#8230;Bundesliga im MTB<\/p>\n<p>DHM&#8230;Deutsche Hochschulmeisterschaft<\/p>\n<p>LVM&#8230;Landesverbandsmeisterschaften<\/p>\n","protected":false},"excerpt":{"rendered":"<p>Das Jahr 2004 Der absolute sportliche H\u00f6hepunkt in dieser Saison war f\u00fcr mich die MTBO-WM in Australien. Daf\u00fcr habe ich einige Reisen auf mich genommen und wieder zahlreiche Rennen bestritten. Mit dem Gewinn des Long-Distance Rennens habe ich mir einen&#8230; <a class=\"more-link\" href=\"https:\/\/www.hillclimb.de\/?page_id=1210\">Weiterlesen &rarr;<\/a><\/p>\n","protected":false},"author":1,"featured_media":0,"parent":23,"menu_order":0,"comment_status":"closed","ping_status":"open","template":"","meta":{"footnotes":""},"_links":{"self":[{"href":"https:\/\/www.hillclimb.de\/index.php?rest_route=\/wp\/v2\/pages\/1210"}],"collection":[{"href":"https:\/\/www.hillclimb.de\/index.php?rest_route=\/wp\/v2\/pages"}],"about":[{"href":"https:\/\/www.hillclimb.de\/index.php?rest_route=\/wp\/v2\/types\/page"}],"author":[{"embeddable":true,"href":"https:\/\/www.hillclimb.de\/index.php?rest_route=\/wp\/v2\/users\/1"}],"replies":[{"embeddable":true,"href":"https:\/\/www.hillclimb.de\/index.php?rest_route=%2Fwp%2Fv2%2Fcomments&post=1210"}],"version-history":[{"count":0,"href":"https:\/\/www.hillclimb.de\/index.php?rest_route=\/wp\/v2\/pages\/1210\/revisions"}],"up":[{"embeddable":true,"href":"https:\/\/www.hillclimb.de\/index.php?rest_route=\/wp\/v2\/pages\/23"}],"wp:attachment":[{"href":"https:\/\/www.hillclimb.de\/index.php?rest_route=%2Fwp%2Fv2%2Fmedia&parent=1210"}],"curies":[{"name":"wp","href":"https:\/\/api.w.org\/{rel}","templated":true}]}}