{"id":1212,"date":"2015-11-25T05:35:02","date_gmt":"2015-11-25T04:35:02","guid":{"rendered":"http:\/\/www.hillclimb.de\/?page_id=1212"},"modified":"2015-11-25T05:35:02","modified_gmt":"2015-11-25T04:35:02","slug":"rennkalender-2005","status":"publish","type":"page","link":"https:\/\/www.hillclimb.de\/?page_id=1212","title":{"rendered":"Rennkalender 2005"},"content":{"rendered":"<h2>Rennkalender 2005<\/h2>\n<p align=\"justify\"><strong>Auch dieses Jahr kann ich wieder auf eine \u00fcberaus erfolgreiche Saison zur\u00fcckblicken. Mit ein paar Tiefen aber eben vielen H\u00f6hen und Gl\u00fccksmomenten. Trotz des Einstiegs ins Berufsleben konnte ich mir den Sport erhalten, mit Beginn der WM einen super sch\u00f6nen Sp\u00e4tsommer geniessen. Meine Rennen seht ihr hier im Terminplaner. Zu manchen Rennen schreibe ich auch kleine Berichte.<\/strong><\/p>\n<p>&nbsp;<\/p>\n<table width=\"100%\">\n<tbody>\n<tr>\n<td><b>Datum<\/b><\/td>\n<td><b>Rennen<\/b><\/td>\n<td><b>Austragungsort<\/b><\/td>\n<td><b>Ergebnis<\/b><\/td>\n<\/tr>\n<tr>\n<td><\/td>\n<td><\/td>\n<td><\/td>\n<td><\/td>\n<\/tr>\n<tr>\n<td>23. Oktober<\/td>\n<td>Harz MTBO &#8211; Kate<\/td>\n<td>Unterharz<\/td>\n<td>2. Platz<\/td>\n<\/tr>\n<tr>\n<td>03. Oktober<\/td>\n<td>7. BRL &#8211; Finale<\/td>\n<td>Braunschweig<\/td>\n<td>1. Platz &#8211; 1. DBE und BRL<\/td>\n<\/tr>\n<tr>\n<td>01. Oktober<\/td>\n<td>Spitzhaustreppenlauf<\/td>\n<td>Dresden-Radebeul<\/td>\n<td>2. Platz &#8211; 3:14,5 min<\/td>\n<\/tr>\n<tr>\n<td>24.\/25. September<\/td>\n<td>WRE MTBO (short\/long)<\/td>\n<td>Gr\u00f6bming (AUT)<\/td>\n<td>1.\/2. Platz &#8211; 2. WRE-Gesamt<\/td>\n<\/tr>\n<tr>\n<td>18. September<\/td>\n<td>DHM Marathon<\/td>\n<td>Odenwald<\/td>\n<td>3. Platz und 1. DHM-Wertung<\/td>\n<\/tr>\n<tr>\n<td>10. September<\/td>\n<td>MTBO-Long Distance WM<\/td>\n<td>Banska Bystica (SK)<\/td>\n<td>3. Platz<\/td>\n<\/tr>\n<tr>\n<td>09. September<\/td>\n<td>MTBO-Staffel WM<\/td>\n<td>Donovaly (SK)<\/td>\n<td>1. Platz &#8211; Staffelweltmeister<\/td>\n<\/tr>\n<tr>\n<td>06. September<\/td>\n<td>MTBO-Middle Distance WM<\/td>\n<td>Banska Bystica (SK)<\/td>\n<td>40. Platz<\/td>\n<\/tr>\n<tr>\n<td>27. August<\/td>\n<td>MTB-Kriterium<\/td>\n<td>Bruntal (CZ)<\/td>\n<td>1. Platz<\/td>\n<\/tr>\n<tr>\n<td>27.\/28. August<\/td>\n<td>WRE MTBO (short\/long)<\/td>\n<td>Bruntal (CZ)<\/td>\n<td>6.\/3. Platz<\/td>\n<\/tr>\n<tr>\n<td>21. August<\/td>\n<td>Vogtland Marathon<\/td>\n<td>Gr\u00fcnheide<\/td>\n<td>1. Platz<\/td>\n<\/tr>\n<tr>\n<td>14. August<\/td>\n<td>MTB-BL Finale<\/td>\n<td>Wetter<\/td>\n<td>14. Platz<\/td>\n<\/tr>\n<tr>\n<td>29.\/30. Juli<\/td>\n<td>WRE MTBO (long und ultra long)<\/td>\n<td>Masuren (PL)<\/td>\n<td>2.\/1. Platz<\/td>\n<\/tr>\n<tr>\n<td>27.-31. Juli<\/td>\n<td><a href=\"\/sport.php?section=polen05\">5-Tage MTBO<\/a><\/td>\n<td>Masuren (PL)<\/td>\n<td>2. Platz<\/td>\n<\/tr>\n<tr>\n<td>09.\/10. Juli<\/td>\n<td>Bike Adventure &#8211; Harry<\/td>\n<td>CZ<\/td>\n<td>19. Platz<\/td>\n<\/tr>\n<tr>\n<td>02.-06. Juli<\/td>\n<td>5-Tage MTBO<\/td>\n<td>Pilsen (CZ)<\/td>\n<td>4. Platz + Gr\u00fcnes Trikot<\/td>\n<\/tr>\n<tr>\n<td>26. Juni<\/td>\n<td>5. BRL MBO<\/td>\n<td>Auerbach<\/td>\n<td>&#8211;<\/td>\n<\/tr>\n<tr>\n<td>25. Juni<\/td>\n<td>Hillclimb MTB<\/td>\n<td>Neudorf<\/td>\n<td>2. Platz<\/td>\n<\/tr>\n<tr>\n<td>18. Juni<\/td>\n<td>4. Lauf MTB-BL<\/td>\n<td>Blankenburg (Harz)<\/td>\n<td>7. Platz<\/td>\n<\/tr>\n<tr>\n<td>11. Juni<\/td>\n<td><a href=\"\/sport.php?section=tria05\">Moritzburger Schlo\u00df-Triathlon<\/a><\/td>\n<td>Moritzburg &#8211; 180 km Rennrad<\/td>\n<td>2. Platz (5:42:47 &#8211; 11:03:55 h)<\/td>\n<\/tr>\n<tr>\n<td>05. Juni<\/td>\n<td>Bike Festival (Marathon)<\/td>\n<td>Willingen<\/td>\n<td>3. Platz (53 km &#8211; 2:29 h)<\/td>\n<\/tr>\n<tr>\n<td>28.\/29. Mai<\/td>\n<td>3.\/4. BRL MBO<\/td>\n<td>Wehrsdorf<\/td>\n<td>1.\/1. Platz<\/td>\n<\/tr>\n<tr>\n<td>22. Mai<\/td>\n<td>MTBO-CZ<\/td>\n<td>Pribram<\/td>\n<td>4. Platz<\/td>\n<\/tr>\n<tr>\n<td>20.\/21. Mai<\/td>\n<td>DHM CC<\/td>\n<td>Bayreuth<\/td>\n<td>4. \/ 5. und Gesamt 5. Platz<\/td>\n<\/tr>\n<tr>\n<td>15. Mai<\/td>\n<td><a href=\"\/sport.php?section=offenburg05\">3. Lauf MTB-BL<\/a><\/td>\n<td>Offenburg<\/td>\n<td>17. Platz<\/td>\n<\/tr>\n<tr>\n<td>01. Mai<\/td>\n<td><a href=\"\/sport.php?section=garda05\">Bike Festival (Marathon)<\/a><\/td>\n<td>Gardasee (I)<\/td>\n<td>9. Platz (67 km \/ 2050 hm)<\/td>\n<\/tr>\n<tr>\n<td>24. April<\/td>\n<td>Ceskolipsk\u00fd REWICO MTB marathon<\/td>\n<td>Cesk\u00e1 L\u00edpa (CZ)<\/td>\n<td>6. Platz (90 km &#8211; 4:19:17)<\/td>\n<\/tr>\n<tr>\n<td>16. April<\/td>\n<td>1. BRL MBO<\/td>\n<td>Dorndorf<\/td>\n<td>1. Platz<\/td>\n<\/tr>\n<tr>\n<td>20. M\u00e4rz<\/td>\n<td>Heide-MBO<\/td>\n<td>D\u00fcbener Heide<\/td>\n<td>2. (mit Jens)<\/td>\n<\/tr>\n<tr>\n<td>08. Januar<\/td>\n<td>Ski-OL<\/td>\n<td>Riesengebirge<\/td>\n<td>34. (D21A)<\/td>\n<\/tr>\n<\/tbody>\n<\/table>\n<p>&nbsp;<\/p>\n<div align=\"left\">BRL&#8230;Bundesrangliste bzw. ein Lauf &#8211; gemeint im MTBO (MTBO&#8230;Mountain Bike Orientierung)WRE&#8230;World Ranking Event im MTBO<\/p>\n<p>DBE&#8230;Deutsche Besten Ermittlung &#8211; Deutsche Meisterschaft<\/p>\n<p>MDC&#8230;Mitteldeutschland-Cup &#8211; eine Serie im CrossCountry<\/p>\n<p>OL&#8230;Orientierungslauf<\/p>\n<p>BL&#8230;Bundesliga im MTB<\/p>\n<p>DHM&#8230;Deutsche Hochschulmeisterschaft<\/p>\n<p>LVM&#8230;Landesverbandsmeisterschaften<\/p>\n<\/div>\n","protected":false},"excerpt":{"rendered":"<p>Rennkalender 2005 Auch dieses Jahr kann ich wieder auf eine \u00fcberaus erfolgreiche Saison zur\u00fcckblicken. Mit ein paar Tiefen aber eben vielen H\u00f6hen und Gl\u00fccksmomenten. Trotz des Einstiegs ins Berufsleben konnte ich mir den Sport erhalten, mit Beginn der WM einen&#8230; <a class=\"more-link\" href=\"https:\/\/www.hillclimb.de\/?page_id=1212\">Weiterlesen &rarr;<\/a><\/p>\n","protected":false},"author":1,"featured_media":0,"parent":23,"menu_order":0,"comment_status":"closed","ping_status":"open","template":"","meta":{"footnotes":""},"_links":{"self":[{"href":"https:\/\/www.hillclimb.de\/index.php?rest_route=\/wp\/v2\/pages\/1212"}],"collection":[{"href":"https:\/\/www.hillclimb.de\/index.php?rest_route=\/wp\/v2\/pages"}],"about":[{"href":"https:\/\/www.hillclimb.de\/index.php?rest_route=\/wp\/v2\/types\/page"}],"author":[{"embeddable":true,"href":"https:\/\/www.hillclimb.de\/index.php?rest_route=\/wp\/v2\/users\/1"}],"replies":[{"embeddable":true,"href":"https:\/\/www.hillclimb.de\/index.php?rest_route=%2Fwp%2Fv2%2Fcomments&post=1212"}],"version-history":[{"count":0,"href":"https:\/\/www.hillclimb.de\/index.php?rest_route=\/wp\/v2\/pages\/1212\/revisions"}],"up":[{"embeddable":true,"href":"https:\/\/www.hillclimb.de\/index.php?rest_route=\/wp\/v2\/pages\/23"}],"wp:attachment":[{"href":"https:\/\/www.hillclimb.de\/index.php?rest_route=%2Fwp%2Fv2%2Fmedia&parent=1212"}],"curies":[{"name":"wp","href":"https:\/\/api.w.org\/{rel}","templated":true}]}}