{"id":1402,"date":"2016-05-05T06:08:42","date_gmt":"2016-05-05T05:08:42","guid":{"rendered":"http:\/\/www.hillclimb.de\/?page_id=1402"},"modified":"2016-05-05T06:08:42","modified_gmt":"2016-05-05T05:08:42","slug":"rennenkalender-2015","status":"publish","type":"page","link":"https:\/\/www.hillclimb.de\/?page_id=1402","title":{"rendered":"Rennkalender 2015"},"content":{"rendered":"<div class=\"inside\">\n<div id=\"rennkalender\" class=\"mod_article block\">\n<div class=\"ce_text block\">\n<h2><strong><span style=\"font-size: 16px;\">Rennkalender 2015<\/span><\/strong><\/h2>\n<p style=\"text-align: justify;\"><strong>Das Jahr 2015 ist fast beschlossen. Die erste Jahresh\u00e4lte war sehr kurz und lief ganz gut an mit ein paar guten Leistungen in D\u00e4nemark und bei der EM in Portugal. Danach standen die Zeichen haupts\u00e4chlich auf Training f\u00fcr die kommende MTBO-WM. Das Training lief nicht ganz so konsequent auch wegen einiger Reisen. Die Form\u00a0konnte ich zwar ganz gut halten aber f\u00fcr Spitzenleistungen fehlte wohl ein guter Sommer. Ein weiteres wenn auch sehr verregnetes Highlight 2015 war das 24h-Rennen in Wittenborn, dass ich in Betreuung mit Martin als Soloistin bestritt. Wobei ich durch den Regen recht viel Standzeit hatte. Den Herbst habe ich in diesem Jahr eher gem\u00fctlich ausklingen lassen. Ich blicke also auf eine kurze Saison zur\u00fcck, die n\u00e4chste wird durch die MTBO-Eckdaten aber ja auch wieder deutlich l\u00e4nger.<br \/>\n<\/strong><\/p>\n<p style=\"text-align: justify;\">Es wurde wieder geschwitzt \ud83d\ude42<\/p>\n<p style=\"text-align: center;\"><a href=\"http:\/\/www.hillclimb.de\/wp-content\/uploads\/2014\/08\/mtbo-wm2012-475.jpg\"><img loading=\"lazy\" decoding=\"async\" class=\"alignnone size-medium wp-image-1053\" src=\"http:\/\/www.hillclimb.de\/wp-content\/uploads\/2014\/08\/mtbo-wm2012-475-300x225.jpg\" alt=\"mtbo-wm2012-475\" width=\"300\" height=\"225\" \/><\/a><\/p>\n<table style=\"width: 100%;\">\n<tbody>\n<tr>\n<td><strong>Datum<\/strong><\/td>\n<td><strong>Rennen<\/strong><\/td>\n<td><strong>Austragungsort<\/strong><\/td>\n<td><strong>Ergebnis<\/strong><\/td>\n<\/tr>\n<tr>\n<td><\/td>\n<td><\/td>\n<td><\/td>\n<td><\/td>\n<\/tr>\n<tr>\n<td><\/td>\n<td><\/td>\n<td><\/td>\n<td><\/td>\n<\/tr>\n<tr>\n<td>08. November<\/td>\n<td>Radcross (Stevens-Cup)<\/td>\n<td>Kiel<\/td>\n<td>\u00a07. Platz<\/td>\n<\/tr>\n<tr>\n<td>25. Oktober<\/td>\n<td>Viel-Posten OL<\/td>\n<td>Sch\u00f6na (S\u00e4chs. Schweiz)<\/td>\n<td>5. Platz (107 Posten)<\/td>\n<\/tr>\n<tr>\n<td>03.\/04. Oktober<\/td>\n<td>12. BRL und DM MTBO<\/td>\n<td>Treptow<\/td>\n<td>\u00a01. \/ 1. Platz (Rangliste: 1. FrauenElie)<\/td>\n<\/tr>\n<tr>\n<td>19.-20. September<\/td>\n<td>24h-Wittenborn<\/td>\n<td>Wittenborn<\/td>\n<td>\u00a01. Platz<\/td>\n<\/tr>\n<tr>\n<td>05.\/06. September<\/td>\n<td>Trimtex-Cup MTBO<\/td>\n<td>Aalborg (DK)<\/td>\n<td>\u00a03. \/ 2. Platz (DK-Cup: 3. Gesamt)<\/td>\n<\/tr>\n<tr>\n<td>28.\/29. August<\/td>\n<td>10.\/11. BRL MTBO (evtl.)<\/td>\n<td>Wehrsdorf<\/td>\n<td>\u00a01. \/ 1. Platz<\/td>\n<\/tr>\n<tr>\n<td>15.-22. August<\/td>\n<td>MTBO-WM (Lang)<\/td>\n<td>Liberec (CZ)<\/td>\n<td>22. Platz<\/td>\n<\/tr>\n<tr>\n<td>15.-22. August<\/td>\n<td>MTBO-WM (Sprint)<\/td>\n<td>Liberec (CZ)<\/td>\n<td>29. Platz<\/td>\n<\/tr>\n<tr>\n<td>15.-22. August<\/td>\n<td>MTBO-WM (Mittel)<\/td>\n<td>Liberec (CZ)<\/td>\n<td>34. Platz<\/td>\n<\/tr>\n<tr>\n<td>09. August<\/td>\n<td>Staffel-MTBO<\/td>\n<td>Roskilde (DK)<\/td>\n<td>2. Platz<\/td>\n<\/tr>\n<tr>\n<td>08. August<\/td>\n<td>Trimtex-Cup MTBO<\/td>\n<td>Roskilde (DK)<\/td>\n<td>2. Platz<\/td>\n<\/tr>\n<tr>\n<td>02.-06. Juli<\/td>\n<td>5-Tage MTBO<\/td>\n<td>Pilsen (CZ)<\/td>\n<td>14.\/35.\/16.\/28.\/-<\/td>\n<\/tr>\n<tr>\n<td>17.-20. Juni<\/td>\n<td>L&#8217;Ard\u00e9choise<\/td>\n<td>Frankreich<\/td>\n<td>Rennrad-Tour<\/td>\n<\/tr>\n<tr>\n<td>08.-14. Juni<\/td>\n<td>MTBO-EM<\/td>\n<td>Portugal<\/td>\n<td>9.\/disk\/22.\/13.<\/td>\n<\/tr>\n<tr>\n<td>23.-25. Mai<\/td>\n<td>MTBO-Cup DK<\/td>\n<td>Helsing\u00f6r (DK)<\/td>\n<td>3.\/1.\/2. Platz<\/td>\n<\/tr>\n<tr>\n<td>15.-17. Mai<\/td>\n<td>MTBO-Cup DK<\/td>\n<td>Viborg (DK)<\/td>\n<td>3.\/3.\/3. Platz<\/td>\n<\/tr>\n<tr>\n<td>09.\/10. Mai<\/td>\n<td>MTBO-Cup CZ<\/td>\n<td>Hradec Kralov\u00e9 (CZ)<\/td>\n<td>8.\/6. Platz<\/td>\n<\/tr>\n<tr>\n<td>01.-03. Mai<\/td>\n<td>MTBO-WC (1. Runde) (Massenstart\/Mittel\/Staffel)<\/td>\n<td>Vargesztes (H)<\/td>\n<td>26.\/30.\/11. Platz<\/td>\n<\/tr>\n<tr>\n<td>21. M\u00e4rz<\/td>\n<td>MTBO Training<\/td>\n<td>Dresden<\/td>\n<td>\u00a03. Platz (gesamt)<\/td>\n<\/tr>\n<tr>\n<td>27.02.-01.03.<\/td>\n<td>Ski-O (Nacht-Sprint\/DM-Lang\/Mixed-Team)<\/td>\n<td>Schmiedefeld<\/td>\n<td>6.\/6.\/6. Platz<\/td>\n<\/tr>\n<tr>\n<td>25. Februar<\/td>\n<td>Sprint-O (Nacht) (Sprintserie)<\/td>\n<td>Dresden<\/td>\n<td>5. Platz<\/td>\n<\/tr>\n<tr>\n<td>22. Februar<\/td>\n<td>Wintertrainingslauf<\/td>\n<td>Kiel<\/td>\n<td>6. auf Bahn \/ 4. VM<\/td>\n<\/tr>\n<tr>\n<td><\/td>\n<td><\/td>\n<td><\/td>\n<td><\/td>\n<\/tr>\n<\/tbody>\n<\/table>\n<div align=\"left\">BRL&#8230;Bundesrangliste bzw. ein Lauf &#8211; gemeint im MTBO (MTBO&#8230;Mountain Bike Orientierung)<br \/>\nWRE&#8230;World Ranking Event im MTBO<br \/>\nDM&#8230;Deutsche Meisterschaft<br \/>\nMDC&#8230;Mitteldeutschland-Cup &#8211; eine Serie im CrossCountry<br \/>\nOL&#8230;Orientierungslauf<br \/>\nBL&#8230;Bundesliga im MTB<br \/>\nDHM&#8230;Deutsche Hochschulmeisterschaft<br \/>\nSHM&#8230;S\u00e4chsische Hochschulmeisterschaft<br \/>\nLVM&#8230;Landesverbandsmeisterschaften<br \/>\nRR&#8230;Rennrad<\/div>\n<div align=\"left\">VM&#8230;Vereinsmeisterschaft<\/div>\n<\/div>\n<\/div>\n<\/div>\n<p>&nbsp;<\/p>\n","protected":false},"excerpt":{"rendered":"<p>Rennkalender 2015 Das Jahr 2015 ist fast beschlossen. Die erste Jahresh\u00e4lte war sehr kurz und lief ganz gut an mit ein paar guten Leistungen in D\u00e4nemark und bei der EM in Portugal. Danach standen die Zeichen haupts\u00e4chlich auf Training f\u00fcr&#8230; <a class=\"more-link\" href=\"https:\/\/www.hillclimb.de\/?page_id=1402\">Weiterlesen &rarr;<\/a><\/p>\n","protected":false},"author":1,"featured_media":0,"parent":23,"menu_order":0,"comment_status":"closed","ping_status":"open","template":"","meta":{"footnotes":""},"_links":{"self":[{"href":"https:\/\/www.hillclimb.de\/index.php?rest_route=\/wp\/v2\/pages\/1402"}],"collection":[{"href":"https:\/\/www.hillclimb.de\/index.php?rest_route=\/wp\/v2\/pages"}],"about":[{"href":"https:\/\/www.hillclimb.de\/index.php?rest_route=\/wp\/v2\/types\/page"}],"author":[{"embeddable":true,"href":"https:\/\/www.hillclimb.de\/index.php?rest_route=\/wp\/v2\/users\/1"}],"replies":[{"embeddable":true,"href":"https:\/\/www.hillclimb.de\/index.php?rest_route=%2Fwp%2Fv2%2Fcomments&post=1402"}],"version-history":[{"count":0,"href":"https:\/\/www.hillclimb.de\/index.php?rest_route=\/wp\/v2\/pages\/1402\/revisions"}],"up":[{"embeddable":true,"href":"https:\/\/www.hillclimb.de\/index.php?rest_route=\/wp\/v2\/pages\/23"}],"wp:attachment":[{"href":"https:\/\/www.hillclimb.de\/index.php?rest_route=%2Fwp%2Fv2%2Fmedia&parent=1402"}],"curies":[{"name":"wp","href":"https:\/\/api.w.org\/{rel}","templated":true}]}}