{"id":171,"date":"2014-08-04T06:53:06","date_gmt":"2014-08-04T05:53:06","guid":{"rendered":"http:\/\/2014.hillclimb.de\/?page_id=171"},"modified":"2014-08-04T06:53:06","modified_gmt":"2014-08-04T05:53:06","slug":"die-wandertour-zum-mittelpunkt-sachsens","status":"publish","type":"page","link":"https:\/\/www.hillclimb.de\/?page_id=171","title":{"rendered":"Die Wandertour zum Mittelpunkt Sachsens"},"content":{"rendered":"<h4><b>Die Wandertour zum Mittelpunkt Sachsens<\/b><\/h4>\n<p><span style=\"color: #000000;\"><span style=\"color: #000000;\">50\u00b055&#8217;46,1&#8243; n\u00f6rdliche Breite und 13\u00b027&#8217;30&#8220; \u00f6stliche L\u00e4nge<\/span><\/span><\/p>\n<p>&nbsp;<\/p>\n<p>Wir starten die Wanderung in Freital Hainsberg. Von den Gleisen aus gehen wir zu der Ampel in deren N\u00e4he sich der Einstieg zur Wanderung befindet. Das erste Ziel bildet Tharandt und ist \u00fcber den Br\u00fcderweg auf der linken Seite des Weisseritztals zu erreichen. Nach einer kurzen Besichtigung der Kirche und der Burgruine folgen wir dem gelben Strich \u00fcber Mauerhammer bis zur Warnsdorfer Quelle, eine super Gelegenheit f\u00fcr eine nat\u00fcrliche Erfrischung zu sorgen. Von da aus gehen wir auf dem ersten Weg links von der gelben Markierung, auf dem Dorfhainer Weg bis zur n\u00e4chsten gr\u00f6sseren Kreuzung an der der Seerenteich bereits ausgeschildert ist. Am Seerenteich bietet sich Gelegenheit zu einem kleinen Imbis ehe es auf dem gr\u00fcnen Strich zum und auf dem Lehmgrubenweg weiter geht. Wir folgen dem sp\u00e4ter unmarkierten Weg immer weiter gerade aus und gelangen auf dem A-Fl\u00fcgel zum Lips-Tullianfelsen. Von dem Fahrweg zweigen rechts und links kleine Wege ab, von denen wir dem zweiten links hinab in den T\u00e4nicht-Grund folgen (hier gabelt sich der markierte Wander- und Radfahrweg). Im Grund angelangt wandern wir nach links und nach etwa 700 m erreichen wir die S\u00e4ule, die den Mittelpunkt Sachsens markiert. Nach einer kurzen Rast folgen wir dem gelben Wanderweg am Colmnitzbach bis zur Salzstrasse hinauf und weiter nach dem Haltepunkt Klingenberg Colmnitz, wo wir als stolze Mittelpunktsbewanderer am Ende der Tour angelangt sind.<\/p>\n<p>&nbsp;<\/p>\n<p><strong>Start:<\/strong> Haltepunkt Freital Hainsberg<br \/>\n<strong>Ende:<\/strong> Haltepunkt Klingenberg Colmnitz<br \/>\n<strong>Streckenl\u00e4nge:<\/strong> ca. 21 km<br \/>\n<strong>Empfohlenes Kartenwerk:<\/strong> Dresden und Umgebung\u00a0 &#8211;\u00a0 Landesvermessungsamt Dresden, 1:50 000 \/ Rad- und Wanderkarte<\/p>\n","protected":false},"excerpt":{"rendered":"<p>Die Wandertour zum Mittelpunkt Sachsens 50\u00b055&#8217;46,1&#8243; n\u00f6rdliche Breite und 13\u00b027&#8217;30&#8220; \u00f6stliche L\u00e4nge &nbsp; Wir starten die Wanderung in Freital Hainsberg. Von den Gleisen aus gehen wir zu der Ampel in deren N\u00e4he sich der Einstieg zur Wanderung befindet. Das erste&#8230; <a class=\"more-link\" href=\"https:\/\/www.hillclimb.de\/?page_id=171\">Weiterlesen &rarr;<\/a><\/p>\n","protected":false},"author":1,"featured_media":0,"parent":27,"menu_order":0,"comment_status":"closed","ping_status":"open","template":"","meta":{"footnotes":""},"_links":{"self":[{"href":"https:\/\/www.hillclimb.de\/index.php?rest_route=\/wp\/v2\/pages\/171"}],"collection":[{"href":"https:\/\/www.hillclimb.de\/index.php?rest_route=\/wp\/v2\/pages"}],"about":[{"href":"https:\/\/www.hillclimb.de\/index.php?rest_route=\/wp\/v2\/types\/page"}],"author":[{"embeddable":true,"href":"https:\/\/www.hillclimb.de\/index.php?rest_route=\/wp\/v2\/users\/1"}],"replies":[{"embeddable":true,"href":"https:\/\/www.hillclimb.de\/index.php?rest_route=%2Fwp%2Fv2%2Fcomments&post=171"}],"version-history":[{"count":0,"href":"https:\/\/www.hillclimb.de\/index.php?rest_route=\/wp\/v2\/pages\/171\/revisions"}],"up":[{"embeddable":true,"href":"https:\/\/www.hillclimb.de\/index.php?rest_route=\/wp\/v2\/pages\/27"}],"wp:attachment":[{"href":"https:\/\/www.hillclimb.de\/index.php?rest_route=%2Fwp%2Fv2%2Fmedia&parent=171"}],"curies":[{"name":"wp","href":"https:\/\/api.w.org\/{rel}","templated":true}]}}