{"id":186,"date":"2014-08-04T07:03:57","date_gmt":"2014-08-04T06:03:57","guid":{"rendered":"http:\/\/2014.hillclimb.de\/?page_id=186"},"modified":"2014-08-04T07:03:57","modified_gmt":"2014-08-04T06:03:57","slug":"dresden-babisnauer-pappel","status":"publish","type":"page","link":"https:\/\/www.hillclimb.de\/?page_id=186","title":{"rendered":"Dresden &#8211; Babisnauer Pappel"},"content":{"rendered":"<h4>Dresden &#8211; Babisnauer Pappel<\/h4>\n<p>&nbsp;<\/p>\n<p>Ausgangspunkt bildet die Kreuzung Zellescher Weg, Caspar David Friedrich Stra\u00dfe, Dohnaer Stra\u00dfe. Zun\u00e4chst schwingen wir uns auf dem Radweg entlang der B172 bis hin zur Tornaer Stra\u00dfe, in die wir rechts abbiegen und den kleinen Anstieg bew\u00e4ltigen. Am oberen Ende der Anh\u00f6he sto\u00dfen wir auf die Kauschaer Allee, der wir \u00fcber die Golberoder Landstra\u00dfe folgen. Hinter der Kreuzung halten wir uns zun\u00e4chsten gerade und weichen nicht von dem Fahrweg, der sich ein wenig nach Sobrigau hinaufschl\u00e4ngelt. Von Sobrigau aus ist es nun auf der wenig befahrenen Landstra\u00dfe nicht mehr weit bis Babisnau. An der alten Eiche beginnt links des Bauernhofes erneut ein Fahrweg, der direkt die Anfahrt zur Pappel bildet. Nach dem Genu\u00df der Aussicht noch weit hinter das andere Elbufer, bis in die S\u00e4chsische Schweiz und ins Osterzgebirge, gutes Wetter vorausgesetzt, begeben wir uns wieder auf den Weg zur\u00fcck in dem wir weiterhin den Fahrweg entlang rollen (rechts halten). Nach einigen hundert Metern treffen wir wieder auf die Landstra\u00dfe auf die wir nach links abbiegen um dann gleich bei der n\u00e4chsten Gelegenheit noch einmal links zu radeln. Nach gut 2 km bergab kommen wir zu einem Abzweig nach Kleba, den wir nutzen und weiter geht es \u00fcber Theisewitz und Br\u00f6sgen nach Possendorf. In Possendorf etwa in H\u00f6he eines Einkaufsmarktes linker Hand biegen wir nach rechts auf die Landstrasse zur\u00fcck nach Golberode, dem Alten Postweg, wir folgen ihr aber nur bis zur n\u00e4chsten Strassengablung, bei der es dann nach links hinab nach Rippien geht. Noch einmal etwas bergauf in den Ort hinein, dann nach rechts auf der Dorfstrasse entlang, bis zu der Kreuzung, an der die Hauptstrasse einen rechten 90 Grad Winkel vollzieht. Da fahren wir gerade \u00fcber die Kreuzung hinweg und gleich dahinter rechts auf einem Landwirtschaftsweg hinab nach Dresden. Zwischen G\u00e4rten und einem Bach entlang bringen wir die letzen Meter hinter uns und sind am Klosterteichplatz in Dresden wieder angekommen. Eventuell ist der Wegabschnitt (100 m) vor den G\u00e4rten bei nasser Wetterlage etwas schlammig. Ich werde noch eine GPS-Strecke der Tour erstellen.<\/p>\n<p>&nbsp;<\/p>\n<p><strong>Streckenl\u00e4nge:<\/strong> ca. 20 km<br \/>\n<strong>H\u00f6henunterschiede:<\/strong> 240 m<br \/>\n<strong>Eignung:<\/strong> Mountainbike und Tourenrad (zeitweise schlammiger und unwegsamer Abschnitt ca. 100 m vor den G\u00e4rten am Ende der Tour)<br \/>\n<strong>Empfohlenes Kartenwerk:<\/strong> Dresden und Umgebung\u00a0 &#8211;\u00a0 Landesvermessungsamt Dresden\u00a0\u00a0 1:50 000 \/ Rad- und Wanderkarte<\/p>\n","protected":false},"excerpt":{"rendered":"<p>Dresden &#8211; Babisnauer Pappel &nbsp; Ausgangspunkt bildet die Kreuzung Zellescher Weg, Caspar David Friedrich Stra\u00dfe, Dohnaer Stra\u00dfe. Zun\u00e4chst schwingen wir uns auf dem Radweg entlang der B172 bis hin zur Tornaer Stra\u00dfe, in die wir rechts abbiegen und den kleinen&#8230; <a class=\"more-link\" href=\"https:\/\/www.hillclimb.de\/?page_id=186\">Weiterlesen &rarr;<\/a><\/p>\n","protected":false},"author":1,"featured_media":0,"parent":27,"menu_order":0,"comment_status":"closed","ping_status":"open","template":"","meta":{"footnotes":""},"_links":{"self":[{"href":"https:\/\/www.hillclimb.de\/index.php?rest_route=\/wp\/v2\/pages\/186"}],"collection":[{"href":"https:\/\/www.hillclimb.de\/index.php?rest_route=\/wp\/v2\/pages"}],"about":[{"href":"https:\/\/www.hillclimb.de\/index.php?rest_route=\/wp\/v2\/types\/page"}],"author":[{"embeddable":true,"href":"https:\/\/www.hillclimb.de\/index.php?rest_route=\/wp\/v2\/users\/1"}],"replies":[{"embeddable":true,"href":"https:\/\/www.hillclimb.de\/index.php?rest_route=%2Fwp%2Fv2%2Fcomments&post=186"}],"version-history":[{"count":0,"href":"https:\/\/www.hillclimb.de\/index.php?rest_route=\/wp\/v2\/pages\/186\/revisions"}],"up":[{"embeddable":true,"href":"https:\/\/www.hillclimb.de\/index.php?rest_route=\/wp\/v2\/pages\/27"}],"wp:attachment":[{"href":"https:\/\/www.hillclimb.de\/index.php?rest_route=%2Fwp%2Fv2%2Fmedia&parent=186"}],"curies":[{"name":"wp","href":"https:\/\/api.w.org\/{rel}","templated":true}]}}