{"id":193,"date":"2014-08-04T07:11:11","date_gmt":"2014-08-04T06:11:11","guid":{"rendered":"http:\/\/2014.hillclimb.de\/?page_id=193"},"modified":"2014-08-04T07:11:11","modified_gmt":"2014-08-04T06:11:11","slug":"hohe-brucken","status":"publish","type":"page","link":"https:\/\/www.hillclimb.de\/?page_id=193","title":{"rendered":"Hohe Br\u00fccken"},"content":{"rendered":"<h4>Hohe Br\u00fccken<\/h4>\n<p>&nbsp;<\/p>\n<p>Vom Blauen Wunder aus geht es erst einmal nach Niederpoyritz. Im Stadtteil zweigt links an einer Litfas\u00e4ule die Dresdner Stra\u00dfe ab, der wir bis nach Pillnitz folgen. Nun geht es zun\u00e4chst auf der Stra\u00dfe auf den Borsberg hinauf. Als bald kreutzt ein Wanderweg, direkt \u00fcber den Weinh\u00e4ngen die Stra\u00dfe, den wir jedoch noch unbeachtet lassen. Wir befahren den n\u00e4chstfolgenden Wanderweg, mit einem gr\u00fcnen Strich markiert, der bis auf den Borsberg und zur Gastronomie ausgeschildert ist. Ab nun kann der Beschilderung zu den Hohen Br\u00fccken gefolgt werden.<br \/>\nNach den Steinbr\u00fccken weisen wieder Schilder und Markierungen Richtung W\u00fcnschendorf, den wir folgen. Bei kanpper Zeit kann die Runde hier, mit der Talfahrt nach rechts nach Pirna, beendet werden. In Pirna \u00fcberqueren wir die Elbe und auf dem Elberadweg geht es zur\u00fcck zum Blauen Wunder. Eine weiter Empfehlung ist es die Tour von W\u00fcnschendorf \u00fcber die Sch\u00f6ne H\u00f6he bis nach D\u00fcrr\u00f6hrsdorf fortzusetzen und dann im Wesenitztal nach Pirna und Dresden zur\u00fcckzukehren.<\/p>\n<p>&nbsp;<\/p>\n<p><strong>Start und Ende:<\/strong> Blaues Wunder<br \/>\n<strong>Streckenl\u00e4nge:<\/strong> ca. 35 km<br \/>\n<strong>Eignung:<\/strong> Mountainbike (teils steile und wurzelige Wegabschnitte)<br \/>\n<strong>Empfohlenes Kartenwerk:<\/strong> Dresden und Umgebung\u00a0 &#8211;\u00a0 1:50 000 \/ Rad- und Wanderkarte<br \/>\nTopographische Karte 1:25 000 von Sachsen\u00a0 &#8211;\u00a0 Blatt 43 (S\u00e4chs. Schweiz \/ Pirna)<br \/>\nBeide Karten vom Landesvermessungsamt Sachsen<\/p>\n","protected":false},"excerpt":{"rendered":"<p>Hohe Br\u00fccken &nbsp; Vom Blauen Wunder aus geht es erst einmal nach Niederpoyritz. Im Stadtteil zweigt links an einer Litfas\u00e4ule die Dresdner Stra\u00dfe ab, der wir bis nach Pillnitz folgen. Nun geht es zun\u00e4chst auf der Stra\u00dfe auf den Borsberg&#8230; <a class=\"more-link\" href=\"https:\/\/www.hillclimb.de\/?page_id=193\">Weiterlesen &rarr;<\/a><\/p>\n","protected":false},"author":1,"featured_media":0,"parent":27,"menu_order":0,"comment_status":"closed","ping_status":"open","template":"","meta":{"footnotes":""},"_links":{"self":[{"href":"https:\/\/www.hillclimb.de\/index.php?rest_route=\/wp\/v2\/pages\/193"}],"collection":[{"href":"https:\/\/www.hillclimb.de\/index.php?rest_route=\/wp\/v2\/pages"}],"about":[{"href":"https:\/\/www.hillclimb.de\/index.php?rest_route=\/wp\/v2\/types\/page"}],"author":[{"embeddable":true,"href":"https:\/\/www.hillclimb.de\/index.php?rest_route=\/wp\/v2\/users\/1"}],"replies":[{"embeddable":true,"href":"https:\/\/www.hillclimb.de\/index.php?rest_route=%2Fwp%2Fv2%2Fcomments&post=193"}],"version-history":[{"count":0,"href":"https:\/\/www.hillclimb.de\/index.php?rest_route=\/wp\/v2\/pages\/193\/revisions"}],"up":[{"embeddable":true,"href":"https:\/\/www.hillclimb.de\/index.php?rest_route=\/wp\/v2\/pages\/27"}],"wp:attachment":[{"href":"https:\/\/www.hillclimb.de\/index.php?rest_route=%2Fwp%2Fv2%2Fmedia&parent=193"}],"curies":[{"name":"wp","href":"https:\/\/api.w.org\/{rel}","templated":true}]}}