{"id":1931,"date":"2018-03-30T07:08:28","date_gmt":"2018-03-30T06:08:28","guid":{"rendered":"http:\/\/www.hillclimb.de\/?page_id=1931"},"modified":"2018-03-30T07:08:28","modified_gmt":"2018-03-30T06:08:28","slug":"rennkalender-2017","status":"publish","type":"page","link":"https:\/\/www.hillclimb.de\/?page_id=1931","title":{"rendered":"Rennkalender 2017"},"content":{"rendered":"<div class=\"inside\">\n<div id=\"rennkalender\" class=\"mod_article block\">\n<div class=\"ce_text block\">\n<h2><strong><span style=\"font-size: 16px;\">Rennkalender 2017<\/span><\/strong><\/h2>\n<p style=\"text-align: justify;\"><strong>Es war eine wirklich kurze Saison welche wieder einige H\u00f6hepunkte zu bieten hatte. Dazu z\u00e4hlen die MTBO-EM in Orl\u00e9ans, die MTBO-WM in Vilnius, sowie der endlich nun mal teilgenommene F\u00f6rde-Triathlon. Ein weiteres Highlight war die Ausrichtung der Oksevejen-Tour. Dadurch lie\u00df ich das ein oder andere Rennen aus und im September arbeitete ich auf einem Forschungsschiff, somit blieb nicht ganz so viel Zeit f\u00fcr solides Training und eine strukturierte Saison. Daf\u00fcr ging es Anfang November auch schon ins Wintertraining f\u00fcr 2018, damit die Form im neuen Jahr wieder an die von 2016 ankn\u00fcpft.<br \/>\n<\/strong><\/p>\n<p style=\"text-align: justify;\">Es wurde wieder ordentlich geschwitzt \ud83d\ude42<\/p>\n<table style=\"width: 100%;\">\n<tbody>\n<tr>\n<td><strong>Datum<\/strong><\/td>\n<td><strong>Rennen<\/strong><\/td>\n<td><strong>Austragungsort<\/strong><\/td>\n<td><strong>Ergebnis<\/strong><\/td>\n<\/tr>\n<tr>\n<td>02. Dezember<\/td>\n<td>26. Adventslauf 6 km<\/td>\n<td>Freiberg<\/td>\n<td>20. Platz (von 87 Frauen) &#8211; 30:30 min<\/td>\n<\/tr>\n<tr>\n<td>01. Dezember<\/td>\n<td>Nacht-OL 5 km<\/td>\n<td>Zwickau<\/td>\n<td>schnell alle Posten<\/td>\n<\/tr>\n<tr>\n<td>04. November<\/td>\n<td>Nacht-OL<\/td>\n<td>Eutin<\/td>\n<td>13. Platz (\u00fcber alle)<\/td>\n<\/tr>\n<tr>\n<td>29. Oktober<\/td>\n<td>65. Herbst Spartacus Cup OL<\/td>\n<td>Erd \u00f6stl. von Budapest<\/td>\n<td>8. Platz<\/td>\n<\/tr>\n<tr>\n<td>22. Oktober<\/td>\n<td>VielPosten-OL (109 Posten)<\/td>\n<td>Greifensteine<\/td>\n<td>49. Platz (2:55:49 h)<\/td>\n<\/tr>\n<tr>\n<td>14.\/15. Oktober<\/td>\n<td>MTBO-Trimtex Cup DK<\/td>\n<td>Greenaa &amp; Silkeborg<\/td>\n<td>3.\/2. Platz<\/td>\n<\/tr>\n<tr>\n<td>07. Oktober<\/td>\n<td>Deutsche Meisterschaft MTBO<\/td>\n<td>Trailcenter Rabenberg<\/td>\n<td>1. Platz DM \/ 2. Pl. internat.<\/td>\n<\/tr>\n<tr>\n<td>20.-27. August<\/td>\n<td>MTBO-WM (Mittel\/Mass\/Lang\/Sprint)<\/td>\n<td>Vilnius (LIT)<\/td>\n<td>31.\/mp\/22.\/18. (25. Weltcup-Gesamt)<\/td>\n<\/tr>\n<tr>\n<td>13. August<\/td>\n<td>F\u00f6rde-Triathlon Staffel<br \/>\nOlymp. Distanz mit Anne&amp;Anne<\/td>\n<td>Kiel<\/td>\n<td>1. Platz\u00a0 (1:12:36 &#8211; Rad \/ 2:29:33 h)<\/td>\n<\/tr>\n<tr>\n<td>06. August<\/td>\n<td>Erzgebirgs-Marathon (40 km)<\/td>\n<td>Seiffen<\/td>\n<td>7. Platz gesamt Frauen<\/td>\n<\/tr>\n<tr>\n<td>30.07.-04.08.<\/td>\n<td>MTBO-EM (Sprint\/Mittel\/Lang)<\/td>\n<td>Frankreich<\/td>\n<td>19.\/26.\/20. Platz<\/td>\n<\/tr>\n<tr>\n<td>15.\/16. Juli<\/td>\n<td>Austrian MTBO days<br \/>\n(Sprint\/Mittel\/Lang)<\/td>\n<td>Bas V\u00f6slau<\/td>\n<td>4.\/12.\/12. &#8211; Gesamt 9.<br \/>\nAUT Staatsmeisterin Sprint<\/td>\n<\/tr>\n<tr>\n<td>05.-09. Juli<\/td>\n<td>5-days MTBO<br \/>\n(Mittel\/Sprint\/Lang\/Score)<\/td>\n<td>Pilsen (CZ)<\/td>\n<td>12.\/16.\/13.\/5. &#8211; Gesamt 6.<\/td>\n<\/tr>\n<tr>\n<td>17. Juni<\/td>\n<td>MTB-Rennen<\/td>\n<td>Troms\u00f6<\/td>\n<td>2. Platz<\/td>\n<\/tr>\n<tr>\n<td>10. Juni<\/td>\n<td>MTB-XC<\/td>\n<td>Troms\u00f6<\/td>\n<td>1. Pl. (1. \u00fcber beide Tage)<\/td>\n<\/tr>\n<tr>\n<td>09. Juni<\/td>\n<td>Einzelzeitfahren Stra\u00dfe<\/td>\n<td>Troms\u00f6<\/td>\n<td>2. Platz<\/td>\n<\/tr>\n<tr>\n<td>02.-05. Juni<\/td>\n<td>1. Runde MTBO Weltcup<br \/>\n(Mittel\/Sprint\/Lang)<\/td>\n<td>\u00d6sterreich<\/td>\n<td>24. \/ 14. \/ 25. Platz<\/td>\n<\/tr>\n<tr>\n<td>25.\/26. Mai<\/td>\n<td>Oksevejen-Tour MTBO \/ Trimtex-Cup<br \/>\n(Mittel\/Mittel)<\/td>\n<td>Vejle (DK)<\/td>\n<td>2. \/ 4. Platz<\/td>\n<\/tr>\n<tr>\n<td>26.-30. April<\/td>\n<td>MTBO-Camp<br \/>\n(Nacht-Sprint\/3xMittel\/Ultra-Lang)<\/td>\n<td>DK<\/td>\n<td>2. \/ 7. \/ 2. \/ 6. \/ 5.<\/td>\n<\/tr>\n<tr>\n<td>22.\/23. April<\/td>\n<td>MTBO Deutschland-Cup<\/td>\n<td>Harz<\/td>\n<td>1.\u00a0 \/ 1. (4. Gesamt)<\/td>\n<\/tr>\n<tr>\n<td>26. M\u00e4rz<\/td>\n<td>Heide-MTBO (mit Steffen)<\/td>\n<td>Bergwitzsee<\/td>\n<td>1. Platz (Gesamt)<\/td>\n<\/tr>\n<tr>\n<td>8.\/9. Februar<\/td>\n<td>Ski-O (Sprint\/Mittel\/Lang)<\/td>\n<td>Jablonec<\/td>\n<td>20. \/ 15. \/ 12. Platz<\/td>\n<\/tr>\n<tr>\n<td>21. Januar<\/td>\n<td>Ski-O Sprint (WRE)<\/td>\n<td>Klingenthal<\/td>\n<td>26. Platz<\/td>\n<\/tr>\n<tr>\n<td><\/td>\n<td><\/td>\n<td><\/td>\n<td><\/td>\n<\/tr>\n<tr>\n<td><\/td>\n<td><\/td>\n<td><\/td>\n<td><\/td>\n<\/tr>\n<tr>\n<td><\/td>\n<td><\/td>\n<td><\/td>\n<td><\/td>\n<\/tr>\n<tr>\n<td colspan=\"4\"><\/td>\n<\/tr>\n<\/tbody>\n<\/table>\n<div align=\"left\">BRL&#8230;Bundesrangliste bzw. ein Lauf &#8211; gemeint im MTBO (MTBO&#8230;Mountain Bike Orientierung)<br \/>\nWRE&#8230;World Ranking Event im MTBO<br \/>\nDM&#8230;Deutsche Meisterschaft<br \/>\nMDC&#8230;Mitteldeutschland-Cup &#8211; eine Serie im CrossCountry<br \/>\nOL&#8230;Orientierungslauf<br \/>\nBL&#8230;Bundesliga im MTB<br \/>\nDHM&#8230;Deutsche Hochschulmeisterschaft<br \/>\nSHM&#8230;S\u00e4chsische Hochschulmeisterschaft<br \/>\nLVM&#8230;Landesverbandsmeisterschaften<br \/>\nRR&#8230;Rennrad<\/div>\n<div align=\"left\">VM&#8230;Vereinsmeisterschaft<\/div>\n<\/div>\n<\/div>\n<\/div>\n<p>&nbsp;<\/p>\n","protected":false},"excerpt":{"rendered":"<p>Rennkalender 2017 Es war eine wirklich kurze Saison welche wieder einige H\u00f6hepunkte zu bieten hatte. Dazu z\u00e4hlen die MTBO-EM in Orl\u00e9ans, die MTBO-WM in Vilnius, sowie der endlich nun mal teilgenommene F\u00f6rde-Triathlon. Ein weiteres Highlight war die Ausrichtung der Oksevejen-Tour&#8230;. <a class=\"more-link\" href=\"https:\/\/www.hillclimb.de\/?page_id=1931\">Weiterlesen &rarr;<\/a><\/p>\n","protected":false},"author":1,"featured_media":0,"parent":23,"menu_order":0,"comment_status":"closed","ping_status":"open","template":"","meta":{"footnotes":""},"_links":{"self":[{"href":"https:\/\/www.hillclimb.de\/index.php?rest_route=\/wp\/v2\/pages\/1931"}],"collection":[{"href":"https:\/\/www.hillclimb.de\/index.php?rest_route=\/wp\/v2\/pages"}],"about":[{"href":"https:\/\/www.hillclimb.de\/index.php?rest_route=\/wp\/v2\/types\/page"}],"author":[{"embeddable":true,"href":"https:\/\/www.hillclimb.de\/index.php?rest_route=\/wp\/v2\/users\/1"}],"replies":[{"embeddable":true,"href":"https:\/\/www.hillclimb.de\/index.php?rest_route=%2Fwp%2Fv2%2Fcomments&post=1931"}],"version-history":[{"count":0,"href":"https:\/\/www.hillclimb.de\/index.php?rest_route=\/wp\/v2\/pages\/1931\/revisions"}],"up":[{"embeddable":true,"href":"https:\/\/www.hillclimb.de\/index.php?rest_route=\/wp\/v2\/pages\/23"}],"wp:attachment":[{"href":"https:\/\/www.hillclimb.de\/index.php?rest_route=%2Fwp%2Fv2%2Fmedia&parent=1931"}],"curies":[{"name":"wp","href":"https:\/\/api.w.org\/{rel}","templated":true}]}}