{"id":204,"date":"2014-08-04T07:21:37","date_gmt":"2014-08-04T06:21:37","guid":{"rendered":"http:\/\/2014.hillclimb.de\/?page_id=204"},"modified":"2014-08-04T07:21:37","modified_gmt":"2014-08-04T06:21:37","slug":"grabentour","status":"publish","type":"page","link":"https:\/\/www.hillclimb.de\/?page_id=204","title":{"rendered":"Grabentour"},"content":{"rendered":"<h4>Grabentour<\/h4>\n<p>&nbsp;<\/p>\n<p>Vom Radsportladen f\u00fchrt uns unser Weg als erstes entlang der Kreuzteiche durch den Stadtpark, wo wir dann gleich im Anschlu\u00df die M\u00f6glichkeit zur Nutzung eines Singletrails haben, dieser schl\u00e4ngelt sich entlang der Stadtmauer parallel zum Mei\u00dfner Ring. Nach diesem kurzen Eindruck von der bevorstehenden Grabentour, sollten wir uns schleunigst auf den Weg zum Besucherbergwerk &#8222;Alte Elisabeth&#8220; machen. Von da aus geht es weiter in Richtung &#8222;K\u00f6niglich Vertr\u00e4glicher Gesellschaftsstollen&#8220;, wo wir w\u00e4hrend einer rasanten Abfahrt auf die meist geschlossene Schranke Obacht geben. Kurz hinter dieser geht es links einen schmalen Weg hinab zur Freiberger Mulde. Dort angekommen fahren wir immer am Kunstgraben zu unserer Linken entlang. Nach kurzer Zeit sto\u00dfen wir auf eine gro\u00dfe Hauptstra\u00dfe quer durch Conradsdorf. Diese \u00fcberqueren wir und folgen weiterhin dem Kunstgraben.. Von Halsbr\u00fccke aus f\u00fchrt uns unser Weg ein St\u00fcck auf der Hauptstra\u00dfe in Richtung Gro\u00dfschirma. Aber nachdem wir die Mulde \u00fcberquert haben, geht es sofort wieder scharf rechts ab. Nun haben wir die Gelegenheit unsere Kletterf\u00e4higkeiten auf einem kurzem St\u00fcck zu \u00fcberpr\u00fcfen bevor wir an der Halsbr\u00fccker Esse eine wundersch\u00f6ne Aussicht geniesen k\u00f6nnen. Von nun an geht es auf dem kleinem Feldweg links weiter in Richtung Krummenhennersdorf. In dem beschaulichen D\u00f6rfchen angekommen, m\u00fcssen wir zwangsl\u00e4ufig der Stra\u00dfe hinunter zur Bobritzsch folgen. Dort \u00fcberqueren wir noch schnell den Flu\u00df und 200 m weiter hinten geht es schon in die Grabentour hinein, nachdem wir an der alten M\u00fchle links vorbeigeradelt sind. Jetzt sind wir endlich am eigentlichem Startpunkt der Grabentour. Ab hier ist die Tour ausgeschildert, der Weg ist von vielen sch\u00f6nen Ausblicken ges\u00e4umt, dabei sollen nicht die Bewohner des Waldes, wie Rehe und Spechte, unerw\u00e4hnt bleiben, die wir schon mehrfach hier beobachtet haben. Nachdem wir in Reinsberg angekommen sind und das Bad rechter Hand ist biegen wir nach der Schranke erneut links ab und folgen dem Weg hinauf zur Burg, die wohl heute als Jugendherberge fungiert. Kurz nach dem Eingang zur Burg f\u00fchrt ein Weg links in Richtung Parkplatz, von wo es hinten rechts weiter auf einer schnellen Talfahrt zur Hauptstra\u00dfe und zum Ende der eigentlichen Grabentour geht. Von da aus besteht die M\u00f6glichkeit die Route auf einen Abstecher nach Nossen auszudehnen. Wir aber begeben uns nach links hinauf in Richtung Schlo\u00df Bieberstein. Im gleichnamigen Ort fahren wir in Richtung Burkersdorf und dann Rechterhand in das Muldental hinab \u00fcber Hohentanne. Nachdem wir hier wieder die Mulde \u00fcberquert haben, sto\u00dfen wir in etwa 500 m Entfernung links auf einen Waldweg der sich entlang der Freiberger Mulde nach Gro\u00dfschirma schl\u00e4ngelt. Auf der Hauptstra\u00dfe angekommen fahren wir ungef\u00e4hr 30 m hinab und biegen dann gleich wieder rechts ab. Dann folgen wir dem Weg und fahren nach ca. 250 m links in Richtung Kleingartenkolonie. Diese durchqueren wir und biegen dann gleich am Waldrand links auf einen Singletrail ein, der uns auf direktem Wege zum Zechenteich bringt. Von da aus ist es nur noch ein kurzer Weg zur\u00fcck, den wir auf der anderen Seite des Baches auf dem Waldweg Richtung Kleinwalthersdorf bestreiten. Da uns dieser Weg aber auf die stark befahrene B 101 f\u00fchren w\u00fcrde, biegen wir vorher links ab und fahren \u00fcber den Kamm des F\u00fcrstenwaldes auf geradem Wege hinein in das M\u00fcnzbachtal. Von wo aus eine Stra\u00dfe direkt hinauf in das Unigel\u00e4nde der TU BAF f\u00fchrt.<\/p>\n","protected":false},"excerpt":{"rendered":"<p>Grabentour &nbsp; Vom Radsportladen f\u00fchrt uns unser Weg als erstes entlang der Kreuzteiche durch den Stadtpark, wo wir dann gleich im Anschlu\u00df die M\u00f6glichkeit zur Nutzung eines Singletrails haben, dieser schl\u00e4ngelt sich entlang der Stadtmauer parallel zum Mei\u00dfner Ring. Nach&#8230; <a class=\"more-link\" href=\"https:\/\/www.hillclimb.de\/?page_id=204\">Weiterlesen &rarr;<\/a><\/p>\n","protected":false},"author":1,"featured_media":0,"parent":27,"menu_order":0,"comment_status":"closed","ping_status":"open","template":"","meta":{"footnotes":""},"_links":{"self":[{"href":"https:\/\/www.hillclimb.de\/index.php?rest_route=\/wp\/v2\/pages\/204"}],"collection":[{"href":"https:\/\/www.hillclimb.de\/index.php?rest_route=\/wp\/v2\/pages"}],"about":[{"href":"https:\/\/www.hillclimb.de\/index.php?rest_route=\/wp\/v2\/types\/page"}],"author":[{"embeddable":true,"href":"https:\/\/www.hillclimb.de\/index.php?rest_route=\/wp\/v2\/users\/1"}],"replies":[{"embeddable":true,"href":"https:\/\/www.hillclimb.de\/index.php?rest_route=%2Fwp%2Fv2%2Fcomments&post=204"}],"version-history":[{"count":0,"href":"https:\/\/www.hillclimb.de\/index.php?rest_route=\/wp\/v2\/pages\/204\/revisions"}],"up":[{"embeddable":true,"href":"https:\/\/www.hillclimb.de\/index.php?rest_route=\/wp\/v2\/pages\/27"}],"wp:attachment":[{"href":"https:\/\/www.hillclimb.de\/index.php?rest_route=%2Fwp%2Fv2%2Fmedia&parent=204"}],"curies":[{"name":"wp","href":"https:\/\/api.w.org\/{rel}","templated":true}]}}