{"id":230,"date":"2014-08-04T08:36:26","date_gmt":"2014-08-04T07:36:26","guid":{"rendered":"http:\/\/2014.hillclimb.de\/?page_id=230"},"modified":"2014-08-04T08:36:26","modified_gmt":"2014-08-04T07:36:26","slug":"rennkalender-2013","status":"publish","type":"page","link":"https:\/\/www.hillclimb.de\/?page_id=230","title":{"rendered":"Rennkalender 2013"},"content":{"rendered":"<div class=\"inside\">\n<div id=\"rennkalender\" class=\"mod_article block\">\n<div class=\"ce_text block\" style=\"text-align: justify;\">\n<h4><span style=\"font-size: 16px;\">Rennkalender 2013<\/span><\/h4>\n<p>&nbsp;<\/p>\n<p><strong>Ein sehr sch\u00f6nes und ereignisreiches Jahr l\u00e4uft aus. Das BC-Race stellte Jahresh\u00f6hepunkt dar. Es waren herrliche 3 Wochen in Kanada. Das Rennen war trotz einiger Steine im Weg\u00a0richtig gut gelaufen und wir konnten die Mixed-Wertung klar f\u00fcr uns entscheiden.\u00a0Vor allem wieder als Team.\u00a0Nachdem ich meine Saison zwischendurch doch ganz sch\u00f6n umgekrempelt hatte verzichtete ich auf Offroad-Finnmark 700. Das steht aber auf der TODO-Liste f\u00fcr kommende Jahre. Die MTBO-WM r\u00fcckte somit wieder etwas nach oben in der Hierachie der H\u00f6hepunkte. Jedoch zeigte sich dass man im MTBO ohne gezieltes Kartentraining nicht allzuweit kommt. Zudem war ich von einer Erk\u00e4ltung geplagt. Als MTBO-Saison H\u00f6hepunkt 2013 hatte ich mir das Weltcup-Finale in Portugal ausgesucht. Es war nochmals ein echtes Highlight, ich hatte meine Orientierungsst\u00e4rke zur\u00fcck und einen starken Kopf, doch diesmal spielte mir die Technik einen Streich. So dass ich mit Platz 13 auf der Langstrecke zufrieden sein musste. Den Gesamtweltcup hab ich dann als 21. beendet &#8211; hier geht n\u00e4chstes Jahr bestimmt wieder mehr. Es war eine lange Saison, da ich keine Sommerpause hatte, hinten raus bekam ich aber nochmal neue Luft und zur Abwechslung gab es ein 24-h Rennen, dass wir im 4er-Team bestritten:<br \/>\n<\/strong><\/p>\n<table style=\"width: 100%;\">\n<tbody>\n<tr>\n<td><strong>Datum<\/strong><\/td>\n<td><strong>Rennen<\/strong><\/td>\n<td><strong>Austragungsort<\/strong><\/td>\n<td><strong>Ergebnis<\/strong><\/td>\n<\/tr>\n<tr>\n<td><\/td>\n<td><\/td>\n<td><\/td>\n<td><\/td>\n<\/tr>\n<tr>\n<td>11.-13. Oktober<\/td>\n<td>3. Runde MTBO-WC (Mittel\/Lang)<\/td>\n<td>Portugal<\/td>\n<td>Defekt \/ 13. Platz<\/td>\n<\/tr>\n<tr>\n<td>06. Oktober<\/td>\n<td>Portugal MTBO-Cup (Etappe 2)<\/td>\n<td>Portugal<\/td>\n<td>1. Platz<\/td>\n<\/tr>\n<tr>\n<td>03. Oktober<\/td>\n<td>Adelsberger Bike Marathon (40 km)<\/td>\n<td>Chemnitz<\/td>\n<td>2. Platz (1. AK) (2:05 :23h)<\/td>\n<\/tr>\n<tr>\n<td>28.\/29. September<\/td>\n<td>9.\/10. BRL MTBO<\/td>\n<td>Werdau<\/td>\n<td>-\/1.<\/td>\n<\/tr>\n<tr>\n<td>21.\/22. September<\/td>\n<td>24h im 4er-Team Mixed<\/td>\n<td>Wittenborn<\/td>\n<td>1. Platz (2. Gesamt)<\/td>\n<\/tr>\n<tr>\n<td>06.-08. September<\/td>\n<td>MTBO-DK Cup<\/td>\n<td>D\u00e4nemark<\/td>\n<td>2.\/2. Platz<\/td>\n<\/tr>\n<tr>\n<td>24.-30. August<\/td>\n<td>MTBO-WM Estland (2. WC-Runde)<\/td>\n<td>Rakvere<\/td>\n<td>34.\/25.\/24. Platz<\/td>\n<\/tr>\n<tr>\n<td>08.\/09. August<\/td>\n<td>MTBO DK-Cup\u00a0(Sprint\/Lang\/2er-Staffel)<\/td>\n<td>D\u00e4nemark<\/td>\n<td>2.\/3.\/2.(1. Startklasse)<\/td>\n<\/tr>\n<tr>\n<td>03.\/04. August<\/td>\n<td>Erzgebirgs-Bike Marathon<\/td>\n<td>Seiffen<\/td>\n<td>10. (4. AK)<\/td>\n<\/tr>\n<tr>\n<td>29.06.-06.07.<\/td>\n<td>BC Bike Race<\/td>\n<td>Kanada<\/td>\n<td>1. Platz<\/td>\n<\/tr>\n<tr>\n<td>15.-21. Juni<\/td>\n<td>MTBO-Europameisterschaften (1. WC-Runde)<\/td>\n<td>Zamosc, Polen<\/td>\n<td><\/td>\n<\/tr>\n<tr>\n<td><\/td>\n<td>Langstrecke (21.06.)<\/td>\n<td><\/td>\n<td>20. Platz<\/td>\n<\/tr>\n<tr>\n<td><\/td>\n<td>Sprint (20.06.)<\/td>\n<td><\/td>\n<td>9. Platz<\/td>\n<\/tr>\n<tr>\n<td><\/td>\n<td>Mittelstrecke (18.06.)<\/td>\n<td><\/td>\n<td>18. Platz<\/td>\n<\/tr>\n<tr>\n<td>08. Juni<\/td>\n<td>Faaborg MTB-Marathon (78 km \/ 1560 hm)<\/td>\n<td>D\u00e4nemark<\/td>\n<td>1. Platz (4:15 h)<\/td>\n<\/tr>\n<tr>\n<td>18.-20. Mai<\/td>\n<td>3-Tage MTBO inkl. DM (5.\/6. BRL)<\/td>\n<td>Mainz<\/td>\n<td>2.\/1.\/2. &#8211; 1. Platz (3-Tage)<\/td>\n<\/tr>\n<tr>\n<td>10.\/11. Mai<\/td>\n<td>MTBO DK-Cup (WRE)<\/td>\n<td>D\u00e4nemark<\/td>\n<td>2.\/4. Platz<\/td>\n<\/tr>\n<tr>\n<td>4.\/5. Mai<\/td>\n<td>3. BRL Quedlinburg\/Harz-Cup (4. BRL)<\/td>\n<td>Harz<\/td>\n<td>1.\/1. Platz (3. aller im Cup)<\/td>\n<\/tr>\n<tr>\n<td>24.-28. April<\/td>\n<td>MTBO-Camp<\/td>\n<td>D\u00e4nemark<\/td>\n<td>11. Platz<\/td>\n<\/tr>\n<tr>\n<td>17. M\u00e4rz<\/td>\n<td>MTB-MA Silkeborg<\/td>\n<td>D\u00e4nemark<\/td>\n<td>1. Platz (50 km \/ 2:29:04 h)<\/td>\n<\/tr>\n<tr>\n<td>2.\/3. M\u00e4rz<\/td>\n<td>Ski-O DM<\/td>\n<td>Erzgebirge<\/td>\n<td>7.\/7. Platz<\/td>\n<\/tr>\n<tr>\n<td><\/td>\n<td><\/td>\n<td><\/td>\n<td><\/td>\n<\/tr>\n<\/tbody>\n<\/table>\n<div align=\"left\">BRL&#8230;Bundesrangliste bzw. ein Lauf &#8211; gemeint im MTBO (MTBO&#8230;Mountain Bike Orientierung)<br \/>\nWRE&#8230;World Ranking Event im MTBO<br \/>\nDM&#8230;Deutsche Meisterschaft<br \/>\nMDC&#8230;Mitteldeutschland-Cup &#8211; eine Serie im CrossCountry<br \/>\nOL&#8230;Orientierungslauf<br \/>\nBL&#8230;Bundesliga im MTB<br \/>\nDHM&#8230;Deutsche Hochschulmeisterschaft<br \/>\nSHM&#8230;S\u00e4chsische Hochschulmeisterschaft<br \/>\nLVM&#8230;Landesverbandsmeisterschaften<br \/>\nRR&#8230;Rennrad<\/div>\n<\/div>\n<\/div>\n<\/div>\n","protected":false},"excerpt":{"rendered":"<p>Rennkalender 2013 &nbsp; Ein sehr sch\u00f6nes und ereignisreiches Jahr l\u00e4uft aus. Das BC-Race stellte Jahresh\u00f6hepunkt dar. Es waren herrliche 3 Wochen in Kanada. Das Rennen war trotz einiger Steine im Weg\u00a0richtig gut gelaufen und wir konnten die Mixed-Wertung klar f\u00fcr&#8230; <a class=\"more-link\" href=\"https:\/\/www.hillclimb.de\/?page_id=230\">Weiterlesen &rarr;<\/a><\/p>\n","protected":false},"author":1,"featured_media":0,"parent":23,"menu_order":0,"comment_status":"closed","ping_status":"closed","template":"","meta":{"footnotes":""},"_links":{"self":[{"href":"https:\/\/www.hillclimb.de\/index.php?rest_route=\/wp\/v2\/pages\/230"}],"collection":[{"href":"https:\/\/www.hillclimb.de\/index.php?rest_route=\/wp\/v2\/pages"}],"about":[{"href":"https:\/\/www.hillclimb.de\/index.php?rest_route=\/wp\/v2\/types\/page"}],"author":[{"embeddable":true,"href":"https:\/\/www.hillclimb.de\/index.php?rest_route=\/wp\/v2\/users\/1"}],"replies":[{"embeddable":true,"href":"https:\/\/www.hillclimb.de\/index.php?rest_route=%2Fwp%2Fv2%2Fcomments&post=230"}],"version-history":[{"count":0,"href":"https:\/\/www.hillclimb.de\/index.php?rest_route=\/wp\/v2\/pages\/230\/revisions"}],"up":[{"embeddable":true,"href":"https:\/\/www.hillclimb.de\/index.php?rest_route=\/wp\/v2\/pages\/23"}],"wp:attachment":[{"href":"https:\/\/www.hillclimb.de\/index.php?rest_route=%2Fwp%2Fv2%2Fmedia&parent=230"}],"curies":[{"name":"wp","href":"https:\/\/api.w.org\/{rel}","templated":true}]}}