{"id":239,"date":"2014-08-04T08:42:04","date_gmt":"2014-08-04T07:42:04","guid":{"rendered":"http:\/\/2014.hillclimb.de\/?page_id=239"},"modified":"2014-08-04T08:42:04","modified_gmt":"2014-08-04T07:42:04","slug":"rennkalender-2009","status":"publish","type":"page","link":"https:\/\/www.hillclimb.de\/?page_id=239","title":{"rendered":"Rennkalender 2009"},"content":{"rendered":"<h4><strong><span style=\"font-size: 16px;\">Rennkalender 2009<\/span><\/strong><\/h4>\n<p>&nbsp;<\/p>\n<p align=\"justify\"><strong>Das Jahr war durch einen guten Start in Ungarn und einen erfolgreichen Ausklang im Harz bestimmt. Auch wenn der Focus zur Jahresmitte in nichtsportlichen Bereichen lag sehe ich den 12. Platz bei der MTBO-WM als einen Erfolg an. Das waren auch so sehr interessante Titelk\u00e4mpfe. Das n\u00e4chste Jahr wirft schon jetzt seine Schatten vorraus. Die Saisonplanung steht sogar schon so halb der H\u00f6hepunkt steht ja schon seit April fest &#8211; es wird wieder ein Teamrennen mit Felix sein. Und kurz zuvor werde ich wieder bei der MTBO-WM angreifen. F\u00fcr den MTBO-Weltcup habe ich mir auch einiges vorgenommen. Ich sehe gespannt der neuen Saison entgegen.<\/strong><\/p>\n<table style=\"width: 100%;\">\n<tbody>\n<tr>\n<td><strong>Datum<\/strong><\/td>\n<td><strong>Rennen<\/strong><\/td>\n<td><strong>Austragungsort<\/strong><\/td>\n<td><strong>Ergebnis<\/strong><\/td>\n<\/tr>\n<tr>\n<td><\/td>\n<td><\/td>\n<td><\/td>\n<td><\/td>\n<\/tr>\n<tr>\n<td>31. Dezember<\/td>\n<td>20. Silvesterpreis MTB<\/td>\n<td>Lichtenstein<\/td>\n<td>1. Platz &#8211; 45 min (5 Runden)<\/td>\n<\/tr>\n<tr>\n<td>18. Oktober<\/td>\n<td>Harz-MTBO mit Felix<\/td>\n<td>Harz<\/td>\n<td>1. Mixed (2. Gesamt) &#8211; 92.6 km \/ 4:57 h<\/td>\n<\/tr>\n<tr>\n<td>09.\/10. Oktober<\/td>\n<td>MTBO-Cup DK \/ WRE<\/td>\n<td>Kolding<\/td>\n<td>6. \/ 4. Platz<\/td>\n<\/tr>\n<tr>\n<td>04. Oktober<\/td>\n<td>Wehlaberg Marathon &#8211; 50 km<\/td>\n<td>s\u00fcdl. Berlin<\/td>\n<td>3. Platz &#8211; 2:32 h<\/td>\n<\/tr>\n<tr>\n<td>03. Oktober<\/td>\n<td>Adelsberger Bike Marathon &#8211; 60 km<\/td>\n<td>bei Chemnitz<\/td>\n<td>2. Platz &#8211; 3:31:11 h<\/td>\n<\/tr>\n<tr>\n<td>19. September<\/td>\n<td>Marselisborg MTB-Marathon<\/td>\n<td>DK<\/td>\n<td>3. Platz (4:27:31 h &#8211; 78 km)<\/td>\n<\/tr>\n<tr>\n<td>05.\/06. September<\/td>\n<td>Friluftsland MTBO-Cup<\/td>\n<td>DK<\/td>\n<td>2. \/ 3. Platz<\/td>\n<\/tr>\n<tr>\n<td>30. August<\/td>\n<td>4h MTBO &#8211; WWR mit Thomas<\/td>\n<td>Werdau<\/td>\n<td>1. Platz<\/td>\n<\/tr>\n<tr>\n<td>29. August<\/td>\n<td>MTBO-Teamsprint mit Holger<\/td>\n<td>Werdau<\/td>\n<td>4. Platz<\/td>\n<\/tr>\n<tr>\n<td>15. August<\/td>\n<td>MTBO-WM &#8211; Langstrecke<\/td>\n<td>Mesilat Zion (ISR)<\/td>\n<td>22. Platz<\/td>\n<\/tr>\n<tr>\n<td>14. August<\/td>\n<td>MTBO-WM &#8211; Sprint<\/td>\n<td>Neot Kedumim (ISR)<\/td>\n<td>12. Platz<\/td>\n<\/tr>\n<tr>\n<td>11. August<\/td>\n<td>MTBO-WM &#8211; Mittelstrecke<\/td>\n<td>Ben Shemen (ISR)<\/td>\n<td>26. Platz<\/td>\n<\/tr>\n<tr>\n<td>01. August<\/td>\n<td>Triathlon<\/td>\n<td>Sch\u00f6nheide<\/td>\n<td>5. Platz<\/td>\n<\/tr>\n<tr>\n<td colspan=\"4\"><img decoding=\"async\" src=\"http:\/\/www.hillclimb.de\/bilder\/rad\/israel.jpg\" alt=\"\" \/><\/td>\n<\/tr>\n<tr>\n<td>26. Juli<\/td>\n<td>Weidatal-Marathon<\/td>\n<td>bei Triebes<\/td>\n<td>4. Zeit &#8211; 33 km (Defekt)<\/td>\n<\/tr>\n<tr>\n<td>02.-06. Juli<\/td>\n<td>5-Tage-MTBO<\/td>\n<td>Pilsen (CZ)<\/td>\n<td>12.\/7.\/-\/17.\/7.<\/td>\n<\/tr>\n<tr>\n<td>25. Juni<\/td>\n<td>MTBO-EM &#8211; Langstrecke<\/td>\n<td>B\u00f8ndernes Hegn (DK)<\/td>\n<td>30.<\/td>\n<\/tr>\n<tr>\n<td>24. Juni<\/td>\n<td>MTBO-EM &#8211; Mittelstrecke<\/td>\n<td>Fures\u00f8 Marina (DK)<\/td>\n<td>18.<\/td>\n<\/tr>\n<tr>\n<td>23. Juni<\/td>\n<td>MTBO-EM &#8211; Sprint<\/td>\n<td>Gribskov (DK)<\/td>\n<td>20.<\/td>\n<\/tr>\n<tr>\n<td>06.\/07. Juni<\/td>\n<td>MTBO-Cup DK<\/td>\n<td>Randers<\/td>\n<td>8. \/ 11.<\/td>\n<\/tr>\n<tr>\n<td>15.-17. Mai<\/td>\n<td>Mad-East Challenge<\/td>\n<td>Altenberg<\/td>\n<td>8. Platz<\/td>\n<\/tr>\n<tr>\n<td>09.\/10. Mai<\/td>\n<td>MTBO-Cup DK<\/td>\n<td>Randers<\/td>\n<td>8. \/ &#8211;<\/td>\n<\/tr>\n<tr>\n<td>25.\/26. April<\/td>\n<td>MTBO-WRE in Vesprem<\/td>\n<td>Ungarn<\/td>\n<td>8. \/6. Platz<\/td>\n<\/tr>\n<tr>\n<td>19. April<\/td>\n<td>OL-Kurzstrecken Staffel<\/td>\n<td>Preetz<\/td>\n<td>1. Platz<\/td>\n<\/tr>\n<tr>\n<td>18. April<\/td>\n<td>MTB-CC Bikeday L\u00fcneburg<\/td>\n<td>L\u00fcneburg<\/td>\n<td>1. Platz<\/td>\n<\/tr>\n<tr>\n<td>21.-28. M\u00e4rz<\/td>\n<td>Absa Cape Epic<\/td>\n<td>S\u00fcdafrika<\/td>\n<td>20. Platz<\/td>\n<\/tr>\n<tr>\n<td>8. M\u00e4rz<\/td>\n<td>1. MTBO in Bad Segeberg &#8211; 3 h<\/td>\n<td>SH<\/td>\n<td>1. Platz<\/td>\n<\/tr>\n<\/tbody>\n<\/table>\n<div align=\"left\">BRL&#8230;Bundesrangliste bzw. ein Lauf &#8211; gemeint im MTBO (MTBO&#8230;Mountain Bike Orientierung)<br \/>\nWRE&#8230;World Ranking Event im MTBO<br \/>\nDBE&#8230;Deutsche Besten Ermittlung &#8211; Deutsche Meisterschaft<br \/>\nMDC&#8230;Mitteldeutschland-Cup &#8211; eine Serie im CrossCountry<br \/>\nOL&#8230;Orientierungslauf<br \/>\nBL&#8230;Bundesliga im MTB<br \/>\nDHM&#8230;Deutsche Hochschulmeisterschaft<br \/>\nSHM&#8230;S\u00e4chsische Hochschulmeisterschaft<br \/>\nLVM&#8230;Landesverbandsmeisterschaften<br \/>\nRR&#8230;Rennrad<br \/>\nFT&#8230;Freistil (Skilanglauf)<\/div>\n","protected":false},"excerpt":{"rendered":"<p>Rennkalender 2009 &nbsp; Das Jahr war durch einen guten Start in Ungarn und einen erfolgreichen Ausklang im Harz bestimmt. Auch wenn der Focus zur Jahresmitte in nichtsportlichen Bereichen lag sehe ich den 12. Platz bei der MTBO-WM als einen Erfolg&#8230; <a class=\"more-link\" href=\"https:\/\/www.hillclimb.de\/?page_id=239\">Weiterlesen &rarr;<\/a><\/p>\n","protected":false},"author":1,"featured_media":0,"parent":23,"menu_order":0,"comment_status":"closed","ping_status":"closed","template":"","meta":{"footnotes":""},"_links":{"self":[{"href":"https:\/\/www.hillclimb.de\/index.php?rest_route=\/wp\/v2\/pages\/239"}],"collection":[{"href":"https:\/\/www.hillclimb.de\/index.php?rest_route=\/wp\/v2\/pages"}],"about":[{"href":"https:\/\/www.hillclimb.de\/index.php?rest_route=\/wp\/v2\/types\/page"}],"author":[{"embeddable":true,"href":"https:\/\/www.hillclimb.de\/index.php?rest_route=\/wp\/v2\/users\/1"}],"replies":[{"embeddable":true,"href":"https:\/\/www.hillclimb.de\/index.php?rest_route=%2Fwp%2Fv2%2Fcomments&post=239"}],"version-history":[{"count":0,"href":"https:\/\/www.hillclimb.de\/index.php?rest_route=\/wp\/v2\/pages\/239\/revisions"}],"up":[{"embeddable":true,"href":"https:\/\/www.hillclimb.de\/index.php?rest_route=\/wp\/v2\/pages\/23"}],"wp:attachment":[{"href":"https:\/\/www.hillclimb.de\/index.php?rest_route=%2Fwp%2Fv2%2Fmedia&parent=239"}],"curies":[{"name":"wp","href":"https:\/\/api.w.org\/{rel}","templated":true}]}}