{"id":266,"date":"2014-08-04T08:51:06","date_gmt":"2014-08-04T07:51:06","guid":{"rendered":"http:\/\/2014.hillclimb.de\/?page_id=266"},"modified":"2024-02-03T20:32:15","modified_gmt":"2024-02-03T19:32:15","slug":"sponsoren","status":"publish","type":"page","link":"https:\/\/www.hillclimb.de\/?page_id=266","title":{"rendered":"Sponsoren"},"content":{"rendered":"<div class=\"inside\">\n<div id=\"sponsoren\" class=\"mod_article block\">\n<div class=\"ce_text block\">\n<h3 align=\"left\">In den vergangenen Jahren wurde ich unterst\u00fctzt:<\/h3>\n<div align=\"left\">\n<ul>\n<li>Mein Verein: <a href=\"http:\/\/www.esv-dresden.de\/\" target=\"_blank\" rel=\"noopener noreferrer\">ESV Dresden<\/a><\/li>\n<li>Rad-Werkstatt: <a href=\"http:\/\/www.roscher3000.de\/\" target=\"_blank\" rel=\"noopener noreferrer\">Roscher3000<\/a> (Fahrradtechnik Spezial) und <a href=\"http:\/\/www.2radhenke.de\/\" target=\"_blank\" rel=\"noopener noreferrer\">2Rad Henke<\/a> in Dresden<\/li>\n<li><a href=\"http:\/\/www.orifix.net\/index.php\" target=\"_blank\" rel=\"noopener noreferrer\">Orifix<\/a> &#8211; sehr gute drehbare Kartenhalter<\/li>\n<li>Co-Sponsoring DT SWISS (Saison 2022\/2023)<\/li>\n<\/ul>\n<p><img loading=\"lazy\" decoding=\"async\" class=\"wp-image-5015 alignnone\" src=\"https:\/\/www.hillclimb.de\/wp-content\/uploads\/2022\/04\/logo_DTSwiss.jpg\" alt=\"\" width=\"173\" height=\"54\" \/><\/p>\n<\/div>\n<div align=\"left\">\n<ul>\n<li><a href=\"http:\/\/www.rotorbikes.com\" target=\"_blank\" rel=\"noopener noreferrer\">ROTOR<\/a> stellte f\u00fcr 2 Jahre ein Wettkampfrad mit <a href=\"http:\/\/www.rohloff.de\/\" target=\"_blank\" rel=\"noopener noreferrer\">Rohloff-Nabe<\/a><\/li>\n<li><a href=\"http:\/\/www.gtbicycles.com\/\" target=\"_blank\" rel=\"noopener noreferrer\">GT Deutschland<\/a> stellte f\u00fcr 3 Jahre Wettkampfr\u00e4der sowie Trainingsr\u00e4der (GT Zaskar Team und Pro)<\/li>\n<\/ul>\n<ul>\n<li>Helme &amp; Brillen: <a href=\"http:\/\/www.uvex-sports.de\/\" target=\"_blank\" rel=\"noopener noreferrer\">Uvex<\/a><\/li>\n<li><a href=\"http:\/\/www.best-bike-parts.de\/\" target=\"_blank\" rel=\"noopener noreferrer\">Best Bike Parts<\/a> &#8211; stellte mir im Co-Sponsoring ein Rahmen-Gabel Set von Haibike<\/li>\n<\/ul>\n<h3>Den technischen Support lieferten:<\/h3>\n<ul>\n<li>Bekannter und guter Radsportladen in Dresden: <a href=\"http:\/\/www.radsport-tietz.de\/\" target=\"_blank\" rel=\"noopener noreferrer\">Radsport Tietz<\/a> ( Dresden-Pillnitz )<\/li>\n<li>Ein sehr guter Radladen in Kiel: Bike-Orange<\/li>\n<\/ul>\n<\/div>\n<p align=\"left\"><a href=\"http:\/\/www.gt-deutschland.de\" target=\"_blank\" rel=\"noopener noreferrer\"><img decoding=\"async\" src=\"http:\/\/www.hillclimb.de\/bilder\/images\/logo_gt.gif\" alt=\"\" width=\"300\" \/><\/a><\/p>\n<p><a href=\"http:\/\/www.uvex-sports.de\" target=\"_blank\" rel=\"noopener noreferrer\"><img decoding=\"async\" src=\"http:\/\/www.hillclimb.de\/bilder\/images\/logo_uvex.gif\" alt=\"\" width=\"80\" \/><\/a><\/p>\n<\/div>\n<\/div>\n<\/div>\n","protected":false},"excerpt":{"rendered":"<p>In den vergangenen Jahren wurde ich unterst\u00fctzt: Mein Verein: ESV Dresden Rad-Werkstatt: Roscher3000 (Fahrradtechnik Spezial) und 2Rad Henke in Dresden Orifix &#8211; sehr gute drehbare Kartenhalter Co-Sponsoring DT SWISS (Saison 2022\/2023) ROTOR stellte f\u00fcr 2 Jahre ein Wettkampfrad mit Rohloff-Nabe&#8230; <a class=\"more-link\" href=\"https:\/\/www.hillclimb.de\/?page_id=266\">Weiterlesen &rarr;<\/a><\/p>\n","protected":false},"author":1,"featured_media":0,"parent":23,"menu_order":0,"comment_status":"closed","ping_status":"closed","template":"","meta":{"footnotes":""},"_links":{"self":[{"href":"https:\/\/www.hillclimb.de\/index.php?rest_route=\/wp\/v2\/pages\/266"}],"collection":[{"href":"https:\/\/www.hillclimb.de\/index.php?rest_route=\/wp\/v2\/pages"}],"about":[{"href":"https:\/\/www.hillclimb.de\/index.php?rest_route=\/wp\/v2\/types\/page"}],"author":[{"embeddable":true,"href":"https:\/\/www.hillclimb.de\/index.php?rest_route=\/wp\/v2\/users\/1"}],"replies":[{"embeddable":true,"href":"https:\/\/www.hillclimb.de\/index.php?rest_route=%2Fwp%2Fv2%2Fcomments&post=266"}],"version-history":[{"count":3,"href":"https:\/\/www.hillclimb.de\/index.php?rest_route=\/wp\/v2\/pages\/266\/revisions"}],"predecessor-version":[{"id":5505,"href":"https:\/\/www.hillclimb.de\/index.php?rest_route=\/wp\/v2\/pages\/266\/revisions\/5505"}],"up":[{"embeddable":true,"href":"https:\/\/www.hillclimb.de\/index.php?rest_route=\/wp\/v2\/pages\/23"}],"wp:attachment":[{"href":"https:\/\/www.hillclimb.de\/index.php?rest_route=%2Fwp%2Fv2%2Fmedia&parent=266"}],"curies":[{"name":"wp","href":"https:\/\/api.w.org\/{rel}","templated":true}]}}