{"id":4417,"date":"2020-10-09T20:26:17","date_gmt":"2020-10-09T18:26:17","guid":{"rendered":"https:\/\/www.hillclimb.de\/?page_id=4417"},"modified":"2020-10-13T10:06:39","modified_gmt":"2020-10-13T08:06:39","slug":"rennkalender-2019","status":"publish","type":"page","link":"https:\/\/www.hillclimb.de\/?page_id=4417","title":{"rendered":"Rennkalender 2019"},"content":{"rendered":"\n<p><strong>Mit der MTBO-WM war f\u00fcr mich die echte MTB(O)-Saison Anfang August eigentlich auch schon beendet, denn der Rest des Jahres stand unter der Vorbereitung f\u00fcr den MTBO-Weltcup auf dem Rabenberg im Erzgebirge den wir selbst ausrichten. Ich w\u00e4re nat\u00fcrlich lieber selbst gestartet.<\/strong> <strong>Es war dennoch eine sehr gute Erfahrung und braucht hier und da andererseits aber auch Verbesserungen in der Ausrichtung.<\/strong><\/p>\n\n\n\n<p><strong>Die WM war nur mit einem Rennen wirklich erfolgreich, allerdings war ich aus diversen Gr\u00fcnden nicht besonders gut vorbereitet. So dass zwar die Beine relativ flott waren, jedoch nicht immer wu\u00dften wo sie hin sollten. Das O-Training kam definitiv zu kurz und somit bin ich ganz froh doch ein solides Ergebnis erzielt zu haben.<\/strong><\/p>\n\n\n\n<figure class=\"wp-block-table\"><table class=\"\"><tbody><tr><td><strong>Datum<\/strong><\/td><td><strong>Rennen<\/strong><\/td><td><strong>Austragungsort<\/strong><\/td><td><strong>Ergebnis<\/strong><\/td><\/tr><tr><td>16. Februar<\/td><td>DM Ski-O Mittel<\/td><td>Altenau (Harz)<\/td><td>4. Platz<\/td><\/tr><tr><td>23. M\u00e4rz<\/td><td>DBK Nacht-OL (D-Elite)<\/td><td>Siebenlehn (Sachsen)<\/td><td>12. Platz<\/td><\/tr><tr><td>27. M\u00e4rz<\/td><td>Holsteiner Sprint-O Cup<\/td><td>Sportpark Gaarden<\/td><td>2. Platz<\/td><\/tr><tr><td>31. M\u00e4rz<\/td><td>C-OL auf den Wallanlagen (6 km Luftlinie)<\/td><td>L\u00fcbeck<\/td><td>1. Platz<\/td><\/tr><tr><td>06. April<\/td><td>neuseen MTB-Trophy (40 km)<\/td><td>Rackwitz bei Leipzig<br>\n<\/td><td>4. Platz (1:47:08 h)<\/td><\/tr><tr><td>17.-20. April<\/td><td>MTBO-Camp DK<\/td><td>Viborg<\/td><td>20.\/22.\/12.\/32.\/19.<\/td><\/tr><tr><td>04.\/05. Mai<\/td><td>MTBO-WRE in Slowenien (Lang\/Mittel)<\/td><td>Slovenj Gradec<\/td><td>5.\/5. Platz<\/td><\/tr><tr><td>18. Mai<\/td><td>DM-MTBO<\/td><td>Berlin<\/td><td>1. Platz (13. DM-Titel)<\/td><\/tr><tr><td>31.05.-02.06.<\/td><td>MTBO Trimtex-Cup (Sprint\/Lang\/Mittel)<\/td><td>Karup<\/td><td>5.\/2. (3.)\/2.(3.) Platz<\/td><\/tr><tr><td>08.-10. Juni<\/td><td>MTBO WC (Sprint\/Massenstart\/Mixed-Staffel)<\/td><td>Polen<\/td><td>19.\/32.\/14.<\/td><\/tr><tr><td>27.07.-04.08.<\/td><td>MTBO-WM (Sprint, Mittel, Lang, Massenstart)<\/td><td>Viborg (DK)<\/td><td>23.\/mp\/14.\/38.<\/td><\/tr><tr><td>11. August<\/td><td>Kiel-Triathlon (Staffel mit Anne&amp;Anne)<\/td><td>Kiel<\/td><td>1. Platz<\/td><\/tr><tr><td>16.-18. August<\/td><td>MTBO-Trimtex Cup (Mittel\/Sprint\/Lang)<\/td><td>Birker\u00f6d (DK)<\/td><td>?.\/?.\/5. Platz<\/td><\/tr><tr><td>06.-08. September<\/td><td>MTBO-Trimtex Cup (Sprint\/Lang\/Mittel)<\/td><td>Svanninge Bakker (DK)<\/td><td>6.\/3.\/2. Platz<\/td><\/tr><tr><td> 03.-06. Oktober <\/td><td> MTBO-WC Finale (Organisatoren-Team) <\/td><td> TrailCenter Rabenberg <\/td><td>Erzgebirge <\/td><\/tr><tr><td>11.\/12. Oktober<\/td><td>MTBO-Trimtex Cup (Lang\/Mittel)<\/td><td>Silkeborg (DK)<\/td><td>4.\/3. Platz<\/td><\/tr><tr><td>26.\/27. Oktober<\/td><td>MTBO-Deutschland-Cup<\/td><td>Kummerower See<\/td><td>&nbsp;5.\/4. Platz (H21)<\/td><\/tr><tr><td>&nbsp;<\/td><td>&nbsp;<\/td><td>&nbsp;<\/td><td>&nbsp;<\/td><\/tr><tr><td>&nbsp;<\/td><\/tr><\/tbody><\/table><\/figure>\n\n\n\n<p>MTBO\u2026Mountain Bike Orientierung<br>WRE\u2026World Ranking Event im MTBO<br>DM\u2026Deutsche Meisterschaft<br>OL\u2026Orientierungslauf<br>LVM\u2026Landesverbandsmeisterschaften<br>RR\u2026Rennrad <\/p>\n","protected":false},"excerpt":{"rendered":"<p>Mit der MTBO-WM war f\u00fcr mich die echte MTB(O)-Saison Anfang August eigentlich auch schon beendet, denn der Rest des Jahres stand unter der Vorbereitung f\u00fcr den MTBO-Weltcup auf dem Rabenberg im Erzgebirge den wir selbst ausrichten. Ich w\u00e4re nat\u00fcrlich lieber&#8230; <a class=\"more-link\" href=\"https:\/\/www.hillclimb.de\/?page_id=4417\">Weiterlesen &rarr;<\/a><\/p>\n","protected":false},"author":1,"featured_media":0,"parent":23,"menu_order":0,"comment_status":"closed","ping_status":"closed","template":"","meta":{"footnotes":""},"_links":{"self":[{"href":"https:\/\/www.hillclimb.de\/index.php?rest_route=\/wp\/v2\/pages\/4417"}],"collection":[{"href":"https:\/\/www.hillclimb.de\/index.php?rest_route=\/wp\/v2\/pages"}],"about":[{"href":"https:\/\/www.hillclimb.de\/index.php?rest_route=\/wp\/v2\/types\/page"}],"author":[{"embeddable":true,"href":"https:\/\/www.hillclimb.de\/index.php?rest_route=\/wp\/v2\/users\/1"}],"replies":[{"embeddable":true,"href":"https:\/\/www.hillclimb.de\/index.php?rest_route=%2Fwp%2Fv2%2Fcomments&post=4417"}],"version-history":[{"count":0,"href":"https:\/\/www.hillclimb.de\/index.php?rest_route=\/wp\/v2\/pages\/4417\/revisions"}],"up":[{"embeddable":true,"href":"https:\/\/www.hillclimb.de\/index.php?rest_route=\/wp\/v2\/pages\/23"}],"wp:attachment":[{"href":"https:\/\/www.hillclimb.de\/index.php?rest_route=%2Fwp%2Fv2%2Fmedia&parent=4417"}],"curies":[{"name":"wp","href":"https:\/\/api.w.org\/{rel}","templated":true}]}}