{"id":4508,"date":"2021-01-03T13:44:19","date_gmt":"2021-01-03T12:44:19","guid":{"rendered":"https:\/\/www.hillclimb.de\/?page_id=4508"},"modified":"2021-01-03T19:51:01","modified_gmt":"2021-01-03T18:51:01","slug":"rennkalender-2020","status":"publish","type":"page","link":"https:\/\/www.hillclimb.de\/?page_id=4508","title":{"rendered":"Rennkalender 2020"},"content":{"rendered":"\n<p><strong>Das Jahr 2020 war eigen und stand oft unter dem Einfluss der COVID-19 Pandemie. Sportlich gab mir das die Gelegenheit endlich mal wieder l\u00e4ngere Runden zu drehen und die Umgebung auf vielen sch\u00f6nen Touren weiter zu erkunden, statt Wochenende f\u00fcr Wochenende von einem Rennen zum N\u00e4chsten zu jagen, was nat\u00fcrlich auch seine Reize hat \ud83d\ude42 . So standen Ende des Jahres mehr als 11000 Bewegungskilometer zu Buche, so viel wie noch nie, seit meinen Aufzeichnungen.<\/strong><\/p>\n\n\n\n<p><strong>Trotz vieler Rennabsagen kamen dennoch einige Rennen zusammen. Ich blicke auf einen sehr erfolgreichen Herbst, mit dem Zeitfahren Hamburg-Berlin und dem Harz-MTBO mit Gerit. Bei der Deutschen Meisterschaft im MTBO unterlief mir ein Missgeschick, so dass ich dieses mal in der Medaillenvergabe leer ausging. Die Beine im Herbst waren richtig gut und nachdem ich 2020 mal eine kleine MTBO-Auszeit hatte, ist die Vorfreude auf 2021 wieder gro\u00df.<\/strong><\/p>\n\n\n\n<figure class=\"wp-block-image size-large\"><img loading=\"lazy\" decoding=\"async\" width=\"640\" height=\"682\" src=\"https:\/\/www.hillclimb.de\/wp-content\/uploads\/2021\/01\/MTB-Marathon-Dresden2020_MathiasHenke_kl.jpg\" alt=\"\" class=\"wp-image-4527\" srcset=\"https:\/\/www.hillclimb.de\/wp-content\/uploads\/2021\/01\/MTB-Marathon-Dresden2020_MathiasHenke_kl.jpg 640w, https:\/\/www.hillclimb.de\/wp-content\/uploads\/2021\/01\/MTB-Marathon-Dresden2020_MathiasHenke_kl-282x300.jpg 282w, https:\/\/www.hillclimb.de\/wp-content\/uploads\/2021\/01\/MTB-Marathon-Dresden2020_MathiasHenke_kl-600x639.jpg 600w\" sizes=\"(max-width: 640px) 100vw, 640px\" \/><figcaption>Photo vom Dresden MTB-Marathon (von Matthias Henke &#8211; 2radHenke)<\/figcaption><\/figure>\n\n\n\n<figure class=\"wp-block-table\"><table class=\"\"><tbody><tr><td><strong>Datum<\/strong><\/td><td><strong>Rennen<\/strong><\/td><td><strong>Austragungsort<\/strong><\/td><td><strong>Ergebnis<\/strong><\/td><\/tr><tr><td>20.\/21. Juni<\/td><td>MTBO D-Cup und CZ-Cup (Lang\/Mittel)<\/td><td>Ceska Lipa (CZ)<\/td><td>12. \/ 12. Platz<\/td><\/tr><tr><td>28. Juni<\/td><td>MTB-Dresden Marathon<\/td><td>Dresden<\/td><td>7. Platz (41 km mit 500 hm \/ 2:10:25 h)<\/td><\/tr><tr><td>19. August<\/td><td>Holsteiner Sprint-O Cup<\/td><td>Wellingdorf<\/td><td>3. Platz<\/td><\/tr><tr><td>23. August<\/td><td>Outdoor Sydfyn MTB-MA<\/td><td>Faarborg (DK)<\/td><td>2. (46. gesamt) \/ 50 km in 3:55:17 h<\/td><\/tr><tr><td>05. September<\/td><td>Skaidi-Extreme MTB<\/td><td>Skaidi (NOR)<\/td><td>46 km mit 1500 hm \/ 14. (96. gesamt) in 3:31:48 h<\/td><\/tr><tr><td>11.-13. September<\/td><td>MTBO &#8211; WRE (Sprint\/Mittel\/Lang)<\/td><td>Lachti (FIN)<\/td><td>7.\/10.\/7. Platz<\/td><\/tr><tr><td>19. September<\/td><td>Trainings-MTBO (Mittel)<\/td><td>\u00c4lmhult (SWE)<\/td><td>1. Platz<\/td><\/tr><tr><td>23. September<\/td><td>Holsteiner Sprint-O Cup im Maislabyrinth<\/td><td>Sieversdorf<\/td><td>2. Platz<\/td><\/tr><tr><td>25.-27. September<\/td><td>MTBO-Trimtex Cup (Sprint\/Lang\/Mittel)<\/td><td>Veilje (DK)<\/td><td>5. \/ 4. \/ 5. Platz<\/td><\/tr><tr><td>04. Oktober<\/td><td>54. L\u00fcbecker OL am Vo\u00dfberg<\/td><td>Lankauer See bei M\u00f6lln<\/td><td>5. Platz<\/td><\/tr><tr><td>10. Oktober<\/td><td>Zeitfahren Hamburg-Berlin<\/td><td>aufm Rennrad<\/td><td>276 km \/ 400 hm in 9:31 h (5 min zu sp\u00e4t gestartet)<\/td><\/tr><tr><td>11. Oktober<\/td><td>Harz-MTBO mit Gerit<\/td><td>Weddersleben<\/td><td>1. Platz (8. gesamt)<\/td><\/tr><tr><td>24. Oktober<\/td><td>MTBO D-Cup<\/td><td>Koblenz<\/td><td>1. Platz<\/td><\/tr><tr><td>25. Oktober<\/td><td>DM MTBO<\/td><td>Koblenz<\/td><td>4. Platz<\/td><\/tr><tr><td>&nbsp;<\/td><\/tr><\/tbody><\/table><\/figure>\n\n\n\n<p>MTBO&#8230;Mountain Bike Orientierung MTBO D-Cup&#8230;MTBO Deutschland Cup<br>WRE&#8230;World Ranking Event im MTBO<br>DM&#8230;Deutsche Meisterschaft<br>OL&#8230;Orientierungslauf<br>LVM&#8230;Landesverbandsmeisterschaften<br>RR&#8230;Rennrad VM&#8230;Vereinsmeisterschaft <\/p>\n","protected":false},"excerpt":{"rendered":"<p>Das Jahr 2020 war eigen und stand oft unter dem Einfluss der COVID-19 Pandemie. Sportlich gab mir das die Gelegenheit endlich mal wieder l\u00e4ngere Runden zu drehen und die Umgebung auf vielen sch\u00f6nen Touren weiter zu erkunden, statt Wochenende f\u00fcr&#8230; <a class=\"more-link\" href=\"https:\/\/www.hillclimb.de\/?page_id=4508\">Weiterlesen &rarr;<\/a><\/p>\n","protected":false},"author":1,"featured_media":0,"parent":23,"menu_order":0,"comment_status":"closed","ping_status":"closed","template":"","meta":{"footnotes":""},"_links":{"self":[{"href":"https:\/\/www.hillclimb.de\/index.php?rest_route=\/wp\/v2\/pages\/4508"}],"collection":[{"href":"https:\/\/www.hillclimb.de\/index.php?rest_route=\/wp\/v2\/pages"}],"about":[{"href":"https:\/\/www.hillclimb.de\/index.php?rest_route=\/wp\/v2\/types\/page"}],"author":[{"embeddable":true,"href":"https:\/\/www.hillclimb.de\/index.php?rest_route=\/wp\/v2\/users\/1"}],"replies":[{"embeddable":true,"href":"https:\/\/www.hillclimb.de\/index.php?rest_route=%2Fwp%2Fv2%2Fcomments&post=4508"}],"version-history":[{"count":0,"href":"https:\/\/www.hillclimb.de\/index.php?rest_route=\/wp\/v2\/pages\/4508\/revisions"}],"up":[{"embeddable":true,"href":"https:\/\/www.hillclimb.de\/index.php?rest_route=\/wp\/v2\/pages\/23"}],"wp:attachment":[{"href":"https:\/\/www.hillclimb.de\/index.php?rest_route=%2Fwp%2Fv2%2Fmedia&parent=4508"}],"curies":[{"name":"wp","href":"https:\/\/api.w.org\/{rel}","templated":true}]}}