{"id":5485,"date":"2024-02-03T07:40:22","date_gmt":"2024-02-03T06:40:22","guid":{"rendered":"https:\/\/www.hillclimb.de\/?page_id=5485"},"modified":"2024-02-03T08:49:08","modified_gmt":"2024-02-03T07:49:08","slug":"rennkalender-2023","status":"publish","type":"page","link":"https:\/\/www.hillclimb.de\/?page_id=5485","title":{"rendered":"Rennkalender 2023"},"content":{"rendered":"\n<p>Auch in 2023 bin ich einige Wettk\u00e4mpfen mitgeradelt und habe neue Ecken erkundet und einiges erlebt. Allerdings hat es f\u00fcr mich dieses Jahr durch viele arbeitsbedingte spannende Reisen nicht zu einem kontinuierlichem Training gereicht. So waren auch die Anzahl der Rennen etwas reduzierter und ich nicht ganz auf dem Leistungsniveau wie es vielleicht sein k\u00f6nnte. Spa\u00df machte es dennoch und das ist ja das wichtigste. F\u00fcr zweimal Top20 im Weltcup hatte es dann auch noch gereicht. Nicht ganz die angepeilte Top15 aber ok.<\/p>\n\n\n\n<p>Ein besonderes Highlight war wieder einmal das O-Ringen, wo es diesmal nur 3 Rad-Etappen gab und ich daf\u00fcr auch noch an 3 Fu\u00df-O Etappen teilnehmen konnte. Ich habe mich auch dort schlussendlich fr\u00fcher oder sp\u00e4ter immer wieder aus dem Wald herausgefunden \ud83d\ude42 . Einen sch\u00f6nen, wenn auch f\u00fcr micht etwas zu bergigen, Saisonabschluss gab es in Italien beim Weltcup, den ich mit einem 1-Monats-Alpenurlaub verbunden hatte und dem 16. DM-Titel in Landshut im Oktober. Auch den MTBO D-Cup konnte ich abermals f\u00fcr mich entscheiden.<\/p>\n\n\n\n<figure class=\"wp-block-table\"><table><tbody><tr><td><strong>Datum<\/strong><\/td><td><strong>Rennen<\/strong><\/td><td><strong>Ort<\/strong><\/td><td><strong>Ergebnis<\/strong><\/td><\/tr><tr><td>15.\/16..04.<\/td><td>Czeck MTBO-Cup Mittel\/Sprint\/Lang<\/td><td>Luzna, CZ<\/td><td>15.\/17.\/12. Platz<\/td><\/tr><tr><td>19.\/20.04.<\/td><td>MTBO-Camp DK (Sprint\/Lang)<\/td><td>Blaaberg<\/td><td>3.\/5. Platz<\/td><\/tr><tr><td>23.04.<\/td><td>MTBO Cup Portugal (Mittel)<\/td><td>Coimbra<\/td><td>4. Platz<\/td><\/tr><tr><td>26.-29. April<\/td><td>MTBO-EM<\/td><td>Faro, POR<\/td><td>&nbsp;<\/td><\/tr><tr><td>&nbsp;<\/td><td>&nbsp;&nbsp;&nbsp;&nbsp; Mittel<\/td><td>&nbsp;<\/td><td>27.<\/td><\/tr><tr><td>&nbsp;<\/td><td>&nbsp;&nbsp;&nbsp;&nbsp; Massenstart<\/td><td>&nbsp;<\/td><td>22.<\/td><\/tr><tr><td>&nbsp;<\/td><td>&nbsp;&nbsp;&nbsp;&nbsp; Sprint<\/td><td>&nbsp;<\/td><td>Misspunch<\/td><\/tr><tr><td>&nbsp;<\/td><td>&nbsp;&nbsp;&nbsp;&nbsp; Mixed-Staffel<\/td><td>&nbsp;<\/td><td>13.<\/td><\/tr><tr><td>&nbsp;<\/td><\/tr><tr><td>13.\/14. Mai<\/td><td>MTBO D-Cup &amp; 20-Seen Team MTBO mit Doro<\/td><td>Potsdam<\/td><td>1.\/1. (3. \u00fcber alle im Team)<\/td><\/tr><tr><td>03.\/04. Juni<\/td><td>MTBO D-Cup (Sprint \/ Lang)<\/td><td>Striegistal<\/td><td>2.\/1.<\/td><\/tr><tr><td>10.\/11. Juni<\/td><td>MTBO Cup Norwegen<\/td><td>Gardemoen, NOR<\/td><td>4.\/4.<\/td><\/tr><tr><td>16.-18. Juni<\/td><td>MTBO D\u00e4nische Meisterschaft<\/td><td>Kolding, DK<\/td><td>3.\/2.\/2.<\/td><\/tr><tr><td>05.-09. Juli<\/td><td>MTBO 5 days Pilsen (Mittel \/ Sprint \/ Massenstart \/ Lang \/ Semi-Free Order)<\/td><td>Doksy, CZE<\/td><td>30.\/41.\/33.\/42.\/18. &#8211; 24. Gesamt<\/td><\/tr><tr><td>22.-26. Juli<\/td><td>O-Ringen MTBO + OL (Mittel\/Lang\/Sprint)<\/td><td>Aare, SWE<\/td><td>3.\/4.\/3.<\/td><\/tr><tr><td>18.-26. August<\/td><td>MTBO-WM<\/td><td>Jijin, CZE<\/td><td>&nbsp;<\/td><\/tr><tr><td>&nbsp;<\/td><td>&nbsp;&nbsp;&nbsp;&nbsp; Sprint\/Lang<\/td><td>&nbsp;<\/td><td>33.\/33.<\/td><\/tr><tr><td>&nbsp;<\/td><td>&nbsp;&nbsp;&nbsp;&nbsp; Mittel\/Massenstart<\/td><td>&nbsp;<\/td><td>34.\/20.<\/td><\/tr><tr><td>&nbsp;<\/td><td>&nbsp;<\/td><td>&nbsp;<\/td><td>&nbsp;<\/td><\/tr><tr><td>20.-22. September<\/td><td>MTBO WC Finale<\/td><td>Folgeria, Italien<\/td><td><\/td><\/tr><tr><td>&nbsp;<\/td><td>&nbsp;&nbsp;&nbsp;&nbsp; Mittel \/ Lang \/ Mixed-Staffel<\/td><td>&nbsp;<\/td><td>\u00a018.\/24.\/9.<\/td><\/tr><tr><td>21.\/22. Oktober<\/td><td>MTBO DM<\/td><td>Landshut<\/td><td>\u00a02. (1. DM)\/2.<\/td><\/tr><tr><td>&nbsp;<\/td><td>&nbsp;<\/td><td>&nbsp;<\/td><td>&nbsp;<\/td><\/tr><tr><td>&nbsp;<\/td><td>&nbsp;<\/td><td>&nbsp;<\/td><td>&nbsp;<\/td><\/tr><tr><td>&nbsp;<\/td><td>&nbsp;<\/td><td>&nbsp;<\/td><td>&nbsp;<\/td><\/tr><tr><td>&nbsp;<\/td><td>&nbsp;<\/td><td>&nbsp;<\/td><td>&nbsp;<\/td><\/tr><tr><td>&nbsp;<\/td><\/tr><\/tbody><\/table><\/figure>\n\n\n\n<p>MTBO&#8230;Mountain Bike Orientierung<\/p>\n\n\n\n<p>MTBO D-Cup&#8230;MTBO Deutschland Cup<br>WRE&#8230;World Ranking Event im MTBO<br>DM&#8230;Deutsche Meisterschaft<br>LVM&#8230;Landesverbandsmeisterschaften<\/p>\n\n\n\n<p>VM&#8230;Vereinsmeisterschaft<\/p>\n\n\n\n<p>OL&#8230;Orientierungslauf<\/p>\n\n\n\n<p>MA&#8230;Marathon<br>RR&#8230;Rennrad<\/p>\n","protected":false},"excerpt":{"rendered":"<p>Auch in 2023 bin ich einige Wettk\u00e4mpfen mitgeradelt und habe neue Ecken erkundet und einiges erlebt. Allerdings hat es f\u00fcr mich dieses Jahr durch viele arbeitsbedingte spannende Reisen nicht zu einem kontinuierlichem Training gereicht. So waren auch die Anzahl der&#8230; <a class=\"more-link\" href=\"https:\/\/www.hillclimb.de\/?page_id=5485\">Weiterlesen &rarr;<\/a><\/p>\n","protected":false},"author":1,"featured_media":0,"parent":23,"menu_order":0,"comment_status":"closed","ping_status":"closed","template":"","meta":{"footnotes":""},"_links":{"self":[{"href":"https:\/\/www.hillclimb.de\/index.php?rest_route=\/wp\/v2\/pages\/5485"}],"collection":[{"href":"https:\/\/www.hillclimb.de\/index.php?rest_route=\/wp\/v2\/pages"}],"about":[{"href":"https:\/\/www.hillclimb.de\/index.php?rest_route=\/wp\/v2\/types\/page"}],"author":[{"embeddable":true,"href":"https:\/\/www.hillclimb.de\/index.php?rest_route=\/wp\/v2\/users\/1"}],"replies":[{"embeddable":true,"href":"https:\/\/www.hillclimb.de\/index.php?rest_route=%2Fwp%2Fv2%2Fcomments&post=5485"}],"version-history":[{"count":5,"href":"https:\/\/www.hillclimb.de\/index.php?rest_route=\/wp\/v2\/pages\/5485\/revisions"}],"predecessor-version":[{"id":5494,"href":"https:\/\/www.hillclimb.de\/index.php?rest_route=\/wp\/v2\/pages\/5485\/revisions\/5494"}],"up":[{"embeddable":true,"href":"https:\/\/www.hillclimb.de\/index.php?rest_route=\/wp\/v2\/pages\/23"}],"wp:attachment":[{"href":"https:\/\/www.hillclimb.de\/index.php?rest_route=%2Fwp%2Fv2%2Fmedia&parent=5485"}],"curies":[{"name":"wp","href":"https:\/\/api.w.org\/{rel}","templated":true}]}}