{"id":796,"date":"2014-08-31T20:48:22","date_gmt":"2014-08-31T19:48:22","guid":{"rendered":"http:\/\/www.hillclimb.de\/?page_id=796"},"modified":"2014-08-31T20:48:22","modified_gmt":"2014-08-31T19:48:22","slug":"rennkalender-2002","status":"publish","type":"page","link":"https:\/\/www.hillclimb.de\/?page_id=796","title":{"rendered":"Rennkalender 2002"},"content":{"rendered":"<h4>Das Jahr 2002<\/h4>\n<p>&nbsp;<\/p>\n<p style=\"text-align: justify;\" align=\"justify\"><b>&#8230; war ein sch\u00f6nes, mit vielen Erlebnissen und Erfahrungen. Den <a>MBO<\/a> habe ich 2001 f\u00fcr mich entdeckt und er ist f\u00fcr mich in diesem Jahr erst einmal unabdingbar auf unbestimmte Zeit geworden.<br \/>\nNeben dem MBO habe ich aber auch das erste Mal eine BDR-Lizens erworben und somit auch intensiver an CrossCountry-Rennen teilgenommen. Alles was \u00fcber eine gr\u00f6\u00dfere Distanz geht liegt mir am Besten und so verwundern meine Teilnahmen an den verschiedenen Radmarathons auch nicht.<br \/>\nHier folgt nun eine kleine \u00dcbersicht, womit ich mir so die Wochenenden um die Ohren geschlagen habe: <\/b><\/p>\n<table width=\"100%\">\n<tbody>\n<tr>\n<td><b>Datum<\/b><\/td>\n<td><b>Rennen<\/b><\/td>\n<td><b>Austragungsort<\/b><\/td>\n<td><b>Ergebnis<\/b><\/td>\n<\/tr>\n<tr>\n<td><\/td>\n<td><\/td>\n<td><\/td>\n<td><\/td>\n<\/tr>\n<tr>\n<td>19.\/20. 10.<\/td>\n<td>5h-2er-Team-Harz-MBO<\/td>\n<td>Quarmbeck<\/td>\n<td>2. \/ 3. Platz (mit Kate)<\/td>\n<\/tr>\n<tr>\n<td>13. Oktober<\/td>\n<td>8. Lauf MDC-CC\/Finale<\/td>\n<td>Bautzen<\/td>\n<td>2. Platz (3. Platz Jahreswertung)<\/td>\n<\/tr>\n<tr>\n<td>06. Oktober<\/td>\n<td>5. BRL\/Deutsche Bestenermittlung<\/td>\n<td>Wehrsdorf<\/td>\n<td>1. Platz (2. Platz Jahreswertung)<\/td>\n<\/tr>\n<tr>\n<td>29. September<\/td>\n<td>7. Lauf MDC-CC<\/td>\n<td>Apolda<\/td>\n<td>2. Platz<\/td>\n<\/tr>\n<tr>\n<td>15. September<\/td>\n<td>7. BRL<\/td>\n<td>Naumburg<\/td>\n<td>2. Platz<\/td>\n<\/tr>\n<tr>\n<td>14. September<\/td>\n<td>6. Drei-Talsperren-Marathon<\/td>\n<td>Eibenstock<\/td>\n<td>3. Platz (Dank Nr. 465)<\/td>\n<\/tr>\n<tr>\n<td>31.08.\/01.09.<\/td>\n<td>6. BRL \/ Lang-MBO (WM-Revanche)<\/td>\n<td>Gornsdorf<\/td>\n<td>2. \/ 1. Platz<\/td>\n<\/tr>\n<tr>\n<td>18. August<\/td>\n<td>5. BRL<\/td>\n<td>Wehrsdorf<\/td>\n<td>ausgefallen &#8211; hochwasserbedingt<\/td>\n<\/tr>\n<tr>\n<td colspan=\"4\"><center><img loading=\"lazy\" decoding=\"async\" class=\"alignnone\" src=\"\/bilder\/rad\/pba\/pba02_07.jpg\" alt=\"\" width=\"300\" height=\"349\" \/><\/center><\/td>\n<\/tr>\n<tr>\n<td>13.\/14. Juli<\/td>\n<td><a>Podebradka Bike Adventure<\/a><\/td>\n<td>Pilsen<\/td>\n<td>12. Platz mit Thomas K.<\/td>\n<\/tr>\n<tr>\n<td>22.\/23. Juni<\/td>\n<td><a>Styrkepr\u00f8ven<\/a><\/td>\n<td>Trondheim-Oslo<\/td>\n<td>27:45:38 h<\/td>\n<\/tr>\n<tr>\n<td>15. Juni<\/td>\n<td>4. BRL<\/td>\n<td>K\u00f6ssern<\/td>\n<td>1. Platz &#8211; lang ersehnt<\/td>\n<\/tr>\n<tr>\n<td>08.\/09. Juni<\/td>\n<td>MTBO in Tschechien<\/td>\n<td>Pilsen<\/td>\n<td>-. \/ 5. Platz (von 50)<\/td>\n<\/tr>\n<tr>\n<td>02. Juni<\/td>\n<td>1. Bike &amp; Run am Valtenberg<\/td>\n<td><a href=\"http:\/\/www.triathlon-littlejohn.de\/\" target=\"_blank\" rel=\"noopener noreferrer\">Neukirch<\/a><\/td>\n<td>4. Platz mit Thomas S. (klass. Dist.)<\/td>\n<\/tr>\n<tr>\n<td>01. Juni<\/td>\n<td>3. BRL<\/td>\n<td>Wolfsburg<\/td>\n<td>3. Platz &#8211; der ist wohl gebucht???<\/td>\n<\/tr>\n<tr>\n<td>19. Mai<\/td>\n<td>3. Lauf MDC-CC<\/td>\n<td>Gehren<\/td>\n<td>2. Platz &#8211; Frauen (Lizenz)<\/td>\n<\/tr>\n<tr>\n<td>12. Mai<\/td>\n<td>MTBO in Tschechien<\/td>\n<td>Teplice<\/td>\n<td>11. Platz<\/td>\n<\/tr>\n<tr>\n<td>04. Mai<\/td>\n<td>Malevil Marathon (90 km und 2200 hm)<\/td>\n<td>Lausitzer Gebirge<\/td>\n<td>1. Platz<\/td>\n<\/tr>\n<tr>\n<td>28. April<\/td>\n<td>2. Lauf MDC-CC<\/td>\n<td>Arnstadt<\/td>\n<td>2. Platz &#8211; Frauen (Lizenz)<\/td>\n<\/tr>\n<tr>\n<td>27. April<\/td>\n<td>2. BRL<\/td>\n<td>Oelsa<\/td>\n<td>3. Platz<\/td>\n<\/tr>\n<tr>\n<td>14. April<\/td>\n<td>1. BRL (Bundesranglistenlauf im MBO)<\/td>\n<td>Umgebung Bitterfeld<\/td>\n<td>3. Platz &#8211; tjaja, die Logistik<\/td>\n<\/tr>\n<tr>\n<td>17. M\u00e4rz<\/td>\n<td>Heide MBO &#8211; 2er-Teammarathon<\/td>\n<td>Bad Schmiedeberg<\/td>\n<td>1. Platz mit Jens<\/td>\n<\/tr>\n<tr>\n<td>02. M\u00e4rz<\/td>\n<td>Orientierungslauf (zu Fu\u00df)<\/td>\n<td>Radebeul (bei Dresden)<\/td>\n<td>11. Platz auf der kurzen Distanz<\/td>\n<\/tr>\n<\/tbody>\n<\/table>\n","protected":false},"excerpt":{"rendered":"<p>Das Jahr 2002 &nbsp; &#8230; war ein sch\u00f6nes, mit vielen Erlebnissen und Erfahrungen. Den MBO habe ich 2001 f\u00fcr mich entdeckt und er ist f\u00fcr mich in diesem Jahr erst einmal unabdingbar auf unbestimmte Zeit geworden. Neben dem MBO habe&#8230; <a class=\"more-link\" href=\"https:\/\/www.hillclimb.de\/?page_id=796\">Weiterlesen &rarr;<\/a><\/p>\n","protected":false},"author":1,"featured_media":0,"parent":23,"menu_order":0,"comment_status":"closed","ping_status":"closed","template":"","meta":{"footnotes":""},"_links":{"self":[{"href":"https:\/\/www.hillclimb.de\/index.php?rest_route=\/wp\/v2\/pages\/796"}],"collection":[{"href":"https:\/\/www.hillclimb.de\/index.php?rest_route=\/wp\/v2\/pages"}],"about":[{"href":"https:\/\/www.hillclimb.de\/index.php?rest_route=\/wp\/v2\/types\/page"}],"author":[{"embeddable":true,"href":"https:\/\/www.hillclimb.de\/index.php?rest_route=\/wp\/v2\/users\/1"}],"replies":[{"embeddable":true,"href":"https:\/\/www.hillclimb.de\/index.php?rest_route=%2Fwp%2Fv2%2Fcomments&post=796"}],"version-history":[{"count":0,"href":"https:\/\/www.hillclimb.de\/index.php?rest_route=\/wp\/v2\/pages\/796\/revisions"}],"up":[{"embeddable":true,"href":"https:\/\/www.hillclimb.de\/index.php?rest_route=\/wp\/v2\/pages\/23"}],"wp:attachment":[{"href":"https:\/\/www.hillclimb.de\/index.php?rest_route=%2Fwp%2Fv2%2Fmedia&parent=796"}],"curies":[{"name":"wp","href":"https:\/\/api.w.org\/{rel}","templated":true}]}}